{"id":55,"date":"2017-12-08T02:28:48","date_gmt":"2017-12-08T02:28:48","guid":{"rendered":"http:\/\/bagrov-dev.com\/puncher-demo-2\/?page_id=55"},"modified":"2026-03-01T15:20:33","modified_gmt":"2026-03-01T14:20:33","slug":"kontakt","status":"publish","type":"page","link":"https:\/\/www.forcedefencemethod.pl\/pl\/kontakt\/","title":{"rendered":"Kontakt"},"content":{"rendered":"<p>[vc_row css=&#8221;.vc_custom_1508235729186{background-color: #f6f6f6 !important;}&#8221;][vc_column]<section class=\"section \">[vc_row_inner el_id=&#8221;get-in-touch&#8221;][vc_column_inner width=&#8221;1\/2&#8243;][vc_column_text]<\/p>\n<h3>Force Defence Method<\/h3>\n<p>[\/vc_column_text][vc_gmaps link=&#8221;#E-8_JTNDaWZyYW1lJTIwc3JjJTNEJTIyaHR0cHMlM0ElMkYlMkZ3d3cuZ29vZ2xlLmNvbSUyRm1hcHMlMkZlbWJlZCUzRnBiJTNEJTIxMW0xOCUyMTFtMTIlMjExbTMlMjExZDI1ODguMTE0MTA4NjM1MDkzNSUyMTJkMjAuNjMwNzY5MDE1Njk5MjQ0JTIxM2Q0OS41NTc4NzAwNzkzNjIyJTIxMm0zJTIxMWYwJTIxMmYwJTIxM2YwJTIxM20yJTIxMWkxMDI0JTIxMmk3NjglMjE0ZjEzLjElMjEzbTMlMjExbTIlMjExczB4NDcxNjQ1ODRjMGYxOWJiMyUyNTNBMHhlM2Y4YTk5ODI1N2I2MmYwJTIxMnNGb3JjZSUyNTIwRGVmZW5jZSUyNTIwTWV0aG9kJTI1MjBGRE0lMjE1ZTAlMjEzbTIlMjExc3BsJTIxMnNwbCUyMTR2MTY2MTQ0MDI0MDM1NCUyMTVtMiUyMTFzcGwlMjEyc3BsJTIyJTIwd2lkdGglM0QlMjI2MDAlMjIlMjBoZWlnaHQlM0QlMjI0NTAlMjIlMjBzdHlsZSUzRCUyMmJvcmRlciUzQTAlM0IlMjIlMjBhbGxvd2Z1bGxzY3JlZW4lM0QlMjIlMjIlMjBsb2FkaW5nJTNEJTIybGF6eSUyMiUyMHJlZmVycmVycG9saWN5JTNEJTIybm8tcmVmZXJyZXItd2hlbi1kb3duZ3JhZGUlMjIlM0UlM0MlMkZpZnJhbWUlM0U=&#8221;][vc_empty_space height=&#8221;37px&#8221;][vc_column_text]<\/p>\n<h4>Dane do kontaktu:<\/h4>\n<p>[\/vc_column_text][vc_empty_space height=&#8221;12px&#8221;][vc_column_text]<\/p>\n<h4><span style=\"font-family: 'Montserrat', sans-serif; font-weight: bold; color: #121212; font-size: 12px;\">TELEFON:<\/span><\/h4>\n<p>(+48)516032728<\/p>\n<h4><span style=\"font-family: 'Montserrat', sans-serif; font-weight: bold; color: #121212; font-size: 12px;\">EMAIL:<\/span><\/h4>\n<p>forcedefencemethod@gmail.com<\/p>\n<h4><span style=\"font-family: 'Montserrat', sans-serif; font-weight: bold; color: #121212; font-size: 12px;\">NIP:<\/span><\/h4>\n<p>675-173-90-45[\/vc_column_text][vc_single_image image=&#8221;712&#8243; img_size=&#8221;large&#8221; style=&#8221;vc_box_shadow_3d&#8221;][\/vc_column_inner][vc_column_inner width=&#8221;1\/2&#8243;][vc_column_text]<\/p>\n<h3>ZAPISY NA SZKOLENIA<\/h3>\n<p>[\/vc_column_text][vc_empty_space height=&#8221;24px&#8221;]<div role=\"form\" class=\"wpcf7\" id=\"wpcf7-f223-o1\" lang=\"en-US\" dir=\"ltr\">\n<div class=\"screen-reader-response\"><p role=\"status\" aria-live=\"polite\" aria-atomic=\"true\"><\/p> <ul><\/ul><\/div>\n<form action=\"\/pl\/wp-json\/wp\/v2\/pages\/55#wpcf7-f223-o1\" method=\"post\" class=\"wpcf7-form init\" novalidate=\"novalidate\" data-status=\"init\">\n<div style=\"display: none;\">\n<input type=\"hidden\" name=\"_wpcf7\" value=\"223\" \/>\n<input type=\"hidden\" name=\"_wpcf7_version\" value=\"5.5.1\" \/>\n<input type=\"hidden\" name=\"_wpcf7_locale\" value=\"en_US\" \/>\n<input type=\"hidden\" name=\"_wpcf7_unit_tag\" value=\"wpcf7-f223-o1\" \/>\n<input type=\"hidden\" name=\"_wpcf7_container_post\" value=\"0\" \/>\n<input type=\"hidden\" name=\"_wpcf7_posted_data_hash\" value=\"\" \/>\n<input type=\"hidden\" name=\"lang\" value=\"pl\" \/>\n<\/div>\n<p class=\"contact-form-name\"><span class=\"wpcf7-form-control-wrap your-name\"><input type=\"text\" name=\"your-name\" value=\"\" size=\"40\" class=\"wpcf7-form-control wpcf7-text wpcf7-validates-as-required\" aria-required=\"true\" aria-invalid=\"false\" placeholder=\"Twoje imi\u0119\" \/><\/span><\/p>\n<p class=\"contact-form-email\"> <span class=\"wpcf7-form-control-wrap your-email\"><input type=\"email\" name=\"your-email\" value=\"\" size=\"40\" class=\"wpcf7-form-control wpcf7-text wpcf7-email wpcf7-validates-as-required wpcf7-validates-as-email\" aria-required=\"true\" aria-invalid=\"false\" placeholder=\"Tw\u00f3j email\" \/><\/span> <\/p>\n<p class=\"contact-form-subject\"><span class=\"wpcf7-form-control-wrap your-subject\"><input type=\"text\" name=\"your-subject\" value=\"\" size=\"40\" class=\"wpcf7-form-control wpcf7-text\" aria-invalid=\"false\" placeholder=\"Temat wiadomo\u015bci\" \/><\/span> <\/p>\n<p class=\"contact-form-text\"><span class=\"wpcf7-form-control-wrap your-message\"><textarea name=\"your-message\" cols=\"40\" rows=\"10\" class=\"wpcf7-form-control wpcf7-textarea\" aria-invalid=\"false\" placeholder=\"Tre\u015b\u0107 wiadomo\u015bci\"><\/textarea><\/span> <\/p>\n<div class=\"form-submit__btn-wrapp  btn_defoult btn_fill \" ><input type=\"submit\" value=\"WY\u015aLIJ\" class=\"wpcf7-form-control wpcf7-pnchr_submit\" \/><\/div>\n<div class=\"wpcf7-response-output\" aria-hidden=\"true\"><\/div><\/form><\/div>[vc_empty_space][vc_empty_space][vc_column_text]<\/p>\n<h4>Przeka\u017c darowizn\u0119:<\/h4>\n<p>[\/vc_column_text][vc_empty_space][vc_column_text]Podajemy numer konta, na kt\u00f3re mo\u017cna wp\u0142aca\u0107 darowizny:<\/p>\n<p><strong>94 1090 0088 0000 0001 4722 2404 <\/strong><\/p>\n<p>w tytule prosimy wpisa\u0107 \u201e<strong>Darowizna na cele statutowe<\/strong>\u201d<\/p>\n<p>\u2013 dla przelew\u00f3w z zagranicy:<\/p>\n<p>IBAN: PL94 1090 0088 0000 0001 4722 2404<\/p>\n<p>SWIFT: WBKPPLPP[\/vc_column_text][vc_single_image image=&#8221;708&#8243; img_size=&#8221;large&#8221; alignment=&#8221;center&#8221; style=&#8221;vc_box_outline_circle&#8221;][\/vc_column_inner][\/vc_row_inner]<\/section>[vc_empty_space height=&#8221;100px&#8221;][\/vc_column][\/vc_row]<\/p>\n","protected":false},"excerpt":{"rendered":"<p>[vc_row css=&#8221;.vc_custom_1508235729186{background-color: #f6f6f6 !important;}&#8221;][vc_column][vc_empty_space height=&#8221;100px&#8221;][\/vc_column][\/vc_row]<\/p>\n","protected":false},"author":1,"featured_media":0,"parent":0,"menu_order":0,"comment_status":"closed","ping_status":"closed","template":"page-contact.php","meta":[],"_links":{"self":[{"href":"https:\/\/www.forcedefencemethod.pl\/pl\/wp-json\/wp\/v2\/pages\/55"}],"collection":[{"href":"https:\/\/www.forcedefencemethod.pl\/pl\/wp-json\/wp\/v2\/pages"}],"about":[{"href":"https:\/\/www.forcedefencemethod.pl\/pl\/wp-json\/wp\/v2\/types\/page"}],"author":[{"embeddable":true,"href":"https:\/\/www.forcedefencemethod.pl\/pl\/wp-json\/wp\/v2\/users\/1"}],"replies":[{"embeddable":true,"href":"https:\/\/www.forcedefencemethod.pl\/pl\/wp-json\/wp\/v2\/comments?post=55"}],"version-history":[{"count":47,"href":"https:\/\/www.forcedefencemethod.pl\/pl\/wp-json\/wp\/v2\/pages\/55\/revisions"}],"predecessor-version":[{"id":699,"href":"https:\/\/www.forcedefencemethod.pl\/pl\/wp-json\/wp\/v2\/pages\/55\/revisions\/699"}],"wp:attachment":[{"href":"https:\/\/www.forcedefencemethod.pl\/pl\/wp-json\/wp\/v2\/media?parent=55"}],"curies":[{"name":"wp","href":"https:\/\/api.w.org\/{rel}","templated":true}]}}