{"id":4005,"date":"2024-03-20T19:33:24","date_gmt":"2024-03-20T18:33:24","guid":{"rendered":"https:\/\/www.forcedefencemethod.pl\/pl\/?page_id=4005"},"modified":"2024-03-21T21:15:44","modified_gmt":"2024-03-21T20:15:44","slug":"zawody","status":"publish","type":"page","link":"https:\/\/www.forcedefencemethod.pl\/pl\/zawody\/","title":{"rendered":"ZAWODY"},"content":{"rendered":"\n<figure class=\"wp-block-video\"><video controls src=\"https:\/\/www.forcedefencemethod.pl\/wp-content\/uploads\/2024\/03\/VID_20231007_Pawel-Zaremba-France-padded-stick-FDM-1.mp4\"><\/video><\/figure>\n\n\n\n<div style=\"height:100px\" aria-hidden=\"true\" class=\"wp-block-spacer\"><\/div>\n\n\n\n<h1 id=\"h.l0mqnbtqlm8x_l\"><strong>ZOSTA\u0143 MISTRZEM EUROPY W FMA<\/strong><\/h1>\n\n\n\n<pre class=\"wp-block-verse\"><\/pre>\n\n\n\n<h4><strong>Mistrzostwa Europy Stick Fighting w Polsce to wyj\u0105tkowe wydarzenie promuj\u0105ce filipi\u0144skie sztuki walki poprzez sport polegaj\u0105cy na walce kijem w pe\u0142nej zbroi lub ograniczonej zbroi wy\u015bcie\u0142anej (full armour or limited padded armour). <\/strong><\/h4>\n\n\n\n<pre class=\"wp-block-verse\"><\/pre>\n\n\n\n<h4><strong>Zarezerwuj swoje miejsce do walki <\/strong>TERAZ<strong>!<\/strong><\/h4>\n\n\n\n<div style=\"height:100px\" aria-hidden=\"true\" class=\"wp-block-spacer\"><\/div>\n\n\n\n<p><\/p>\n\n\n\n<figure class=\"is-layout-flex wp-block-gallery-1 wp-block-gallery has-nested-images columns-default is-cropped\">\n<figure class=\"wp-block-image size-large\"><img decoding=\"async\" loading=\"lazy\" width=\"1024\" height=\"683\" data-id=\"4011\"  src=\"https:\/\/www.forcedefencemethod.pl\/wp-content\/uploads\/2024\/03\/DSC_1486-gabinet-II-1-1024x683.png\" alt=\"\" class=\"wp-image-4011\" srcset=\"https:\/\/www.forcedefencemethod.pl\/wp-content\/uploads\/2024\/03\/DSC_1486-gabinet-II-1-1024x683.png 1024w, https:\/\/www.forcedefencemethod.pl\/wp-content\/uploads\/2024\/03\/DSC_1486-gabinet-II-1-300x200.png 300w, https:\/\/www.forcedefencemethod.pl\/wp-content\/uploads\/2024\/03\/DSC_1486-gabinet-II-1-768x512.png 768w, https:\/\/www.forcedefencemethod.pl\/wp-content\/uploads\/2024\/03\/DSC_1486-gabinet-II-1-1536x1024.png 1536w, https:\/\/www.forcedefencemethod.pl\/wp-content\/uploads\/2024\/03\/DSC_1486-gabinet-II-1-2048x1365.png 2048w\" sizes=\"(max-width: 1024px) 100vw, 1024px\" \/><\/figure>\n\n\n\n<figure class=\"wp-block-image size-large\"><img decoding=\"async\" loading=\"lazy\" width=\"1024\" height=\"683\" data-id=\"4012\"  src=\"https:\/\/www.forcedefencemethod.pl\/wp-content\/uploads\/2024\/03\/DSC_8685-gabinet-1024x683.png\" alt=\"\" class=\"wp-image-4012\" srcset=\"https:\/\/www.forcedefencemethod.pl\/wp-content\/uploads\/2024\/03\/DSC_8685-gabinet-1024x683.png 1024w, https:\/\/www.forcedefencemethod.pl\/wp-content\/uploads\/2024\/03\/DSC_8685-gabinet-300x200.png 300w, https:\/\/www.forcedefencemethod.pl\/wp-content\/uploads\/2024\/03\/DSC_8685-gabinet-768x513.png 768w, https:\/\/www.forcedefencemethod.pl\/wp-content\/uploads\/2024\/03\/DSC_8685-gabinet-1536x1025.png 1536w, https:\/\/www.forcedefencemethod.pl\/wp-content\/uploads\/2024\/03\/DSC_8685-gabinet-2048x1367.png 2048w\" sizes=\"(max-width: 1024px) 100vw, 1024px\" \/><\/figure>\n\n\n\n<figure class=\"wp-block-image size-large\"><img decoding=\"async\" loading=\"lazy\" width=\"1024\" height=\"683\" data-id=\"4013\"  src=\"https:\/\/www.forcedefencemethod.pl\/wp-content\/uploads\/2024\/03\/DSC_8582-1024x683.png\" alt=\"\" class=\"wp-image-4013\" srcset=\"https:\/\/www.forcedefencemethod.pl\/wp-content\/uploads\/2024\/03\/DSC_8582-1024x683.png 1024w, https:\/\/www.forcedefencemethod.pl\/wp-content\/uploads\/2024\/03\/DSC_8582-300x200.png 300w, https:\/\/www.forcedefencemethod.pl\/wp-content\/uploads\/2024\/03\/DSC_8582-768x513.png 768w, https:\/\/www.forcedefencemethod.pl\/wp-content\/uploads\/2024\/03\/DSC_8582-1536x1025.png 1536w, https:\/\/www.forcedefencemethod.pl\/wp-content\/uploads\/2024\/03\/DSC_8582-2048x1367.png 2048w\" sizes=\"(max-width: 1024px) 100vw, 1024px\" \/><\/figure>\n<\/figure>\n\n\n\n<div style=\"height:100px\" aria-hidden=\"true\" class=\"wp-block-spacer\"><\/div>\n\n\n\n<h3>REGULAMIN MISTRZOSTW EUROPY<\/h3>\n\n\n\n<div class=\"wp-block-media-text alignwide is-stacked-on-mobile\"><figure class=\"wp-block-media-text__media\"><img decoding=\"async\" loading=\"lazy\" width=\"798\" height=\"1024\" src=\"https:\/\/www.forcedefencemethod.pl\/wp-content\/uploads\/2024\/03\/World-Sport-Arnis-PL-798x1024.jpg\" alt=\"\" class=\"wp-image-4120 size-full\" srcset=\"https:\/\/www.forcedefencemethod.pl\/wp-content\/uploads\/2024\/03\/World-Sport-Arnis-PL-798x1024.jpg 798w, https:\/\/www.forcedefencemethod.pl\/wp-content\/uploads\/2024\/03\/World-Sport-Arnis-PL-234x300.jpg 234w, https:\/\/www.forcedefencemethod.pl\/wp-content\/uploads\/2024\/03\/World-Sport-Arnis-PL-768x985.jpg 768w, https:\/\/www.forcedefencemethod.pl\/wp-content\/uploads\/2024\/03\/World-Sport-Arnis-PL-1198x1536.jpg 1198w, https:\/\/www.forcedefencemethod.pl\/wp-content\/uploads\/2024\/03\/World-Sport-Arnis-PL.jpg 1359w\" sizes=\"(max-width: 798px) 100vw, 798px\" \/><\/figure><div class=\"wp-block-media-text__content\">\n<p>Kliknij tutaj<\/p>\n<\/div><\/div>\n\n\n\n<div style=\"height:100px\" aria-hidden=\"true\" class=\"wp-block-spacer\"><\/div>\n\n\n\n<h3>LOKALIZACJA    <\/h3>\n\n\n\n<h4>Mistrzostwa Europy Stick Fighting w Polsce odbywaj\u0105 si\u0119 w malowniczej miejscowo\u015bci Stary S\u0105cz ok. 120 km od Krakowa.<\/h4>\n\n\n\n<pre class=\"wp-block-verse\"><\/pre>\n\n\n\n<div class=\"wp-block-media-text alignwide is-stacked-on-mobile\"><figure class=\"wp-block-media-text__media\"><img decoding=\"async\" loading=\"lazy\" width=\"540\" height=\"360\" src=\"https:\/\/www.forcedefencemethod.pl\/wp-content\/uploads\/2024\/03\/Zdjecie-Stary-Sacz-klasztor-2.jpg\" alt=\"\" class=\"wp-image-4044 size-full\" srcset=\"https:\/\/www.forcedefencemethod.pl\/wp-content\/uploads\/2024\/03\/Zdjecie-Stary-Sacz-klasztor-2.jpg 540w, https:\/\/www.forcedefencemethod.pl\/wp-content\/uploads\/2024\/03\/Zdjecie-Stary-Sacz-klasztor-2-300x200.jpg 300w\" sizes=\"(max-width: 540px) 100vw, 540px\" \/><\/figure><div class=\"wp-block-media-text__content\">\n<p><\/p>\n\n\n\n<p>Stary S\u0105cz jest jednym z najstarszych miast w Polsce (woj. ma\u0142opolskie). Miasto po\u0142o\u017cone jest u podn\u00f3\u017ca g\u00f3r Beskidu S\u0105deckiego w dolinie Dunajca i Popradu, na wysoko\u015bci oko\u0142o 320 m n.p.m. Do granicy ze S\u0142owacj\u0105 jest st\u0105d 20 km.<\/p>\n\n\n\n<p>Stary S\u0105cz to miasto pe\u0142ne historii, kultury i sztuki. Znane jest jako siedziba kr\u00f3l\u00f3w polskich. Przez wieki Stary S\u0105cz by\u0142 inspiracj\u0105 dla artyst\u00f3w i sportowc\u00f3w. Najs\u0142ynniejszym zabytkiem jest tu Klasztor Klarysek, ufundowany w 1280 roku przez ksi\u0119\u017cn\u0105 King\u0119, zafascynowan\u0105 dzie\u0142em \u015bwi\u0119tego Franciszka z Asy\u017cu.<\/p>\n\n\n\n<p>Zobacz:  <a rel=\"noreferrer noopener\" href=\"https:\/\/www.google.com\/maps?ll=49.563232,20.634015&#038;z=12&#038;t=m&#038;hl=pl&#038;gl=US&#038;mapclient=embed&#038;q=Stary+S%C4%85cz+33-340\" target=\"_blank\">Google Maps<\/a><\/p>\n\n\n\n<p>TRANSPORT:&nbsp;Najlepiej polecie\u0107 samolotem na lotnisko Krak\u00f3w-Balice, a nast\u0119pnie autobusem lub poci\u0105giem z Dworca G\u0142\u00f3wnego w Krakowie do Nowego S\u0105cza. W przypadku wi\u0119kszej liczby os\u00f3b istnieje mo\u017cliwo\u015b\u0107 wcze\u015bniejszej rezerwacji minibusa.<\/p>\n<\/div><\/div>\n\n\n\n<div style=\"height:100px\" aria-hidden=\"true\" class=\"wp-block-spacer\"><\/div>\n\n\n\n<h3>WI\u0118CEJ INFORMACJI<\/h3>\n\n\n\n<h4><br>Odwied\u017a <a rel=\"noreferrer noopener\" href=\"https:\/\/www.facebook.com\/ForceDefenceMethod\" target=\"_blank\"><strong>nasz profil na FB<\/strong><\/a>, aby obserwowa\u0107 nasze posty i otrzymywa\u0107 najnowsze informacje o zawodach w Filipi\u0144skich Sztukach Walki i wydarzeniach z nimi zwi\u0105zanych w Polsce i na \u015bwiecie.<\/h4>\n\n\n\n<pre class=\"wp-block-verse\"><\/pre>\n\n\n\n<p>B\u0105d\u017a cz\u0119\u015bci\u0105 mi\u0119dzynarodowego Stowarzyszenia FDM i zdobywaj swoje umiej\u0119tno\u015bci u najlepszych!<\/p>\n\n\n\n<p><\/p>\n\n\n\n<p>Gwarantujemy 100% rozwoju i satysfakcji.<\/p>\n\n\n\n<p><br>Rejestracja: <\/p>\n\n\n\n<p>kliknij tutaj<\/p>\n\n\n\n<p>Rezerwacja hotelu: <\/p>\n\n\n\n<p>kliknij tutaj<\/p>\n\n\n\n<p>Kalendarium:<\/p>\n\n\n\n<p><a rel=\"noreferrer noopener\" href=\"https:\/\/sites.google.com\/view\/stickfighting-poland2023\/strona-g%C5%82%C3%B3wna\" target=\"_blank\">Mistrzostwa Europy Stick Fighting <\/a><a rel=\"noreferrer noopener\" href=\"https:\/\/sites.google.com\/view\/stickfighting-poland2023\/strona-g%C5%82%C3%B3wna\" target=\"_blank\">P<\/a><a rel=\"noreferrer noopener\" href=\"https:\/\/sites.google.com\/view\/stickfighting-poland2023\/strona-g%C5%82%C3%B3wna\" target=\"_blank\">o<\/a><a rel=\"noreferrer noopener\" href=\"https:\/\/sites.google.com\/view\/stickfighting-poland2023\/strona-g%C5%82%C3%B3wna\" target=\"_blank\">l<\/a><a rel=\"noreferrer noopener\" href=\"https:\/\/sites.google.com\/view\/stickfighting-poland2023\/strona-g%C5%82%C3%B3wna\" target=\"_blank\">a<\/a><a rel=\"noreferrer noopener\" href=\"https:\/\/sites.google.com\/view\/stickfighting-poland2023\/strona-g%C5%82%C3%B3wna\" target=\"_blank\">n<\/a><a rel=\"noreferrer noopener\" href=\"https:\/\/sites.google.com\/view\/stickfighting-poland2023\/strona-g%C5%82%C3%B3wna\" target=\"_blank\">d<\/a><a href=\"https:\/\/sites.google.com\/view\/stickfighting-poland2023\/strona-g%C5%82%C3%B3wna\" target=\"_blank\" rel=\"noreferrer noopener\"> <\/a><a rel=\"noreferrer noopener\" href=\"https:\/\/sites.google.com\/view\/stickfighting-poland2023\/strona-g%C5%82%C3%B3wna\" target=\"_blank\">2023<\/a><\/p>\n\n\n\n<p>W przypadku jakichkolwiek pyta\u0144 prosimy o kontakt z GM Paw\u0142em Zaremb\u0105, Tel: +48 516-032-728 Email: forcedefencemethod@gmail.com <\/p>\n\n\n\n<p><\/p>\n\n\n\n<div style=\"height:100px\" aria-hidden=\"true\" class=\"wp-block-spacer\"><\/div>\n\n\n\n<h3><strong>ORGANIZATORZY<\/strong><\/h3>\n\n\n\n<h4>Organizatorami Mistrzostw Europy Stick Fighting w Polsce jest Stowarzyszenie Force Defence Method (PL) oraz Federacja World Sport Arnis (UK).<\/h4>\n\n\n\n<div style=\"height:100px\" aria-hidden=\"true\" class=\"wp-block-spacer\"><\/div>\n\n\n\n<pre class=\"wp-block-verse\"><\/pre>\n\n\n\n<div class=\"is-layout-flex wp-container-9 wp-block-columns\">\n<div class=\"is-layout-flow wp-block-column\" style=\"flex-basis:100%\">\n<div class=\"is-layout-constrained wp-block-group\"><div class=\"wp-block-group__inner-container\">\n<div class=\"is-layout-flex wp-container-6 wp-block-columns\">\n<div class=\"is-layout-flow wp-block-column\"><div class=\"wp-block-image\">\n<figure class=\"aligncenter size-large is-resized\"><img decoding=\"async\" loading=\"lazy\" src=\"http:\/\/www.forcedefencemethod.pl\/wp-content\/uploads\/2023\/04\/logo-FDM-png-1024x935.png\" alt=\"\" class=\"wp-image-3570\" width=\"196\" height=\"178\" srcset=\"https:\/\/www.forcedefencemethod.pl\/wp-content\/uploads\/2023\/04\/logo-FDM-png-1024x935.png 1024w, https:\/\/www.forcedefencemethod.pl\/wp-content\/uploads\/2023\/04\/logo-FDM-png-300x274.png 300w, https:\/\/www.forcedefencemethod.pl\/wp-content\/uploads\/2023\/04\/logo-FDM-png-768x702.png 768w, https:\/\/www.forcedefencemethod.pl\/wp-content\/uploads\/2023\/04\/logo-FDM-png-1536x1403.png 1536w, https:\/\/www.forcedefencemethod.pl\/wp-content\/uploads\/2023\/04\/logo-FDM-png-2048x1871.png 2048w\" sizes=\"(max-width: 196px) 100vw, 196px\" \/><figcaption class=\"wp-element-caption\"><br>FORCE DEFENCE METHOD, PL<br><a rel=\"noreferrer noopener\" href=\"http:\/\/www.forcedefencemethod.pl\/\" target=\"_blank\">www.forcedefencemethod.pl<\/a><\/figcaption><\/figure><\/div>\n\n\n<div class=\"is-layout-flex wp-container-3 wp-block-columns\"><\/div>\n<\/div>\n\n\n\n<div class=\"is-layout-flow wp-block-column\"><div class=\"wp-block-image\">\n<figure class=\"aligncenter size-full is-resized\"><img decoding=\"async\" loading=\"lazy\" src=\"http:\/\/www.forcedefencemethod.pl\/wp-content\/uploads\/2023\/04\/logo-World-sport-Arnis.webp\" alt=\"\" class=\"wp-image-3571\" width=\"178\" height=\"177\" srcset=\"https:\/\/www.forcedefencemethod.pl\/wp-content\/uploads\/2023\/04\/logo-World-sport-Arnis.webp 1005w, https:\/\/www.forcedefencemethod.pl\/wp-content\/uploads\/2023\/04\/logo-World-sport-Arnis-300x300.webp 300w, https:\/\/www.forcedefencemethod.pl\/wp-content\/uploads\/2023\/04\/logo-World-sport-Arnis-150x150.webp 150w, https:\/\/www.forcedefencemethod.pl\/wp-content\/uploads\/2023\/04\/logo-World-sport-Arnis-768x764.webp 768w\" sizes=\"(max-width: 178px) 100vw, 178px\" \/><figcaption class=\"wp-element-caption\"><br>WORLD SPORT ARNIS, UK<br><a rel=\"noreferrer noopener\" href=\"https:\/\/www.worldsportarnis.co.uk\/?fbclid=IwAR1_3PTxUHoxE_YBVZxDS6A4-J0n0aFrgpTFUHp03dm9u_CYnMGXsrQxeJI\" target=\"_blank\">www.worldsportarnis.co.uk<\/a><\/figcaption><\/figure><\/div><\/div>\n<\/div>\n<\/div><\/div>\n<\/div>\n<\/div>\n\n\n\n<p><\/p>\n","protected":false},"excerpt":{"rendered":"<p>ZOSTA\u0143 MISTRZEM EUROPY W FMA Mistrzostwa Europy Stick Fighting w Polsce to wyj\u0105tkowe wydarzenie promuj\u0105ce filipi\u0144skie sztuki walki poprzez sport polegaj\u0105cy na walce kijem w pe\u0142nej zbroi lub ograniczonej zbroi wy\u015bcie\u0142anej (full armour or limited padded armour). Zarezerwuj swoje miejsce do walki TERAZ! REGULAMIN MISTRZOSTW EUROPY Kliknij tutaj LOKALIZACJA Mistrzostwa Europy Stick Fighting w Polsce&#8230;<\/p>\n","protected":false},"author":2,"featured_media":0,"parent":0,"menu_order":0,"comment_status":"closed","ping_status":"closed","template":"","meta":[],"_links":{"self":[{"href":"https:\/\/www.forcedefencemethod.pl\/pl\/wp-json\/wp\/v2\/pages\/4005"}],"collection":[{"href":"https:\/\/www.forcedefencemethod.pl\/pl\/wp-json\/wp\/v2\/pages"}],"about":[{"href":"https:\/\/www.forcedefencemethod.pl\/pl\/wp-json\/wp\/v2\/types\/page"}],"author":[{"embeddable":true,"href":"https:\/\/www.forcedefencemethod.pl\/pl\/wp-json\/wp\/v2\/users\/2"}],"replies":[{"embeddable":true,"href":"https:\/\/www.forcedefencemethod.pl\/pl\/wp-json\/wp\/v2\/comments?post=4005"}],"version-history":[{"count":72,"href":"https:\/\/www.forcedefencemethod.pl\/pl\/wp-json\/wp\/v2\/pages\/4005\/revisions"}],"predecessor-version":[{"id":4121,"href":"https:\/\/www.forcedefencemethod.pl\/pl\/wp-json\/wp\/v2\/pages\/4005\/revisions\/4121"}],"wp:attachment":[{"href":"https:\/\/www.forcedefencemethod.pl\/pl\/wp-json\/wp\/v2\/media?parent=4005"}],"curies":[{"name":"wp","href":"https:\/\/api.w.org\/{rel}","templated":true}]}}