{"id":396,"date":"2021-09-26T22:13:34","date_gmt":"2021-09-26T20:13:34","guid":{"rendered":"http:\/\/www.fdm.generalcube.com\/pl\/?page_id=396"},"modified":"2022-01-09T11:49:41","modified_gmt":"2022-01-09T10:49:41","slug":"historia","status":"publish","type":"page","link":"https:\/\/www.forcedefencemethod.pl\/pl\/historia\/","title":{"rendered":"Historia"},"content":{"rendered":"<p>[vc_row][vc_column width=&#8221;1\/4&#8243;][vc_single_image image=&#8221;530&#8243; img_size=&#8221;medium&#8221;][\/vc_column][vc_column width=&#8221;2\/3&#8243;][vc_empty_space][vc_column_text]<\/p>\n<h4>1976 r. | Egzamin GM Paw\u0142a Zaremby na zielony pas w Wu Do Kan.<\/h4>\n<p>[\/vc_column_text][\/vc_column][vc_column][vc_empty_space][\/vc_column][\/vc_row][vc_row][vc_column width=&#8221;1\/4&#8243;][vc_single_image image=&#8221;531&#8243; img_size=&#8221;full&#8221;][\/vc_column][vc_column width=&#8221;2\/3&#8243;][vc_empty_space][vc_column_text]<\/p>\n<h4>Mi\u0119dzynarodowe szko\u0142y sport\u00f3w i sztuk walki, w kt\u00f3rych trenowa\u0142 GM Pawe\u0142 Zaremba.<\/h4>\n<p>[\/vc_column_text][\/vc_column][vc_column][vc_empty_space][\/vc_column][\/vc_row][vc_row][vc_column width=&#8221;1\/4&#8243;][vc_single_image image=&#8221;532&#8243; img_size=&#8221;full&#8221;][\/vc_column][vc_column width=&#8221;2\/3&#8243;][vc_empty_space][vc_column_text]<\/p>\n<h4>1989 r. zima | Klasztor Shaolin Wu Dang &#8211; Koniec pobytu GM Paw\u0142a Zaremby i trenowania Shaolin Kung Fu.<\/h4>\n<p>[\/vc_column_text][\/vc_column][vc_column][vc_empty_space][\/vc_column][\/vc_row][vc_row][vc_column width=&#8221;1\/4&#8243;][vc_single_image image=&#8221;533&#8243; img_size=&#8221;&#8221;][\/vc_column][vc_column width=&#8221;2\/3&#8243;][vc_empty_space][vc_column_text]<\/p>\n<h4>Krak\u00f3w 1990 r. | Pierwszy pokaz Wu shu Kung Fu, w kt\u00f3rym bra\u0142 udzia\u0142 GM Pawe\u0142 Zaremba.<\/h4>\n<p>[\/vc_column_text][\/vc_column][vc_column][vc_empty_space][\/vc_column][\/vc_row][vc_row][vc_column width=&#8221;1\/4&#8243;][vc_single_image image=&#8221;534&#8243; img_size=&#8221;&#8221;][\/vc_column][vc_column width=&#8221;2\/3&#8243;][vc_empty_space][vc_column_text]<\/p>\n<h4>1990 r. | Ob\u00f3z Szko\u0142y Kung Fu GM Paw\u0142a Zaremby.<\/h4>\n<p>[\/vc_column_text][\/vc_column][vc_column][vc_empty_space][\/vc_column][\/vc_row][vc_row][vc_column width=&#8221;1\/4&#8243;][vc_single_image image=&#8221;541&#8243; img_size=&#8221;&#8221;][\/vc_column][vc_column width=&#8221;2\/3&#8243;][vc_empty_space][vc_column_text]<\/p>\n<h4>GM Pawe\u0142 Zaremba w latach 1996 &#8211; 2002 | Dyrektor Techniczny w Polskiej Federacji Combat Kalaki i 3 dan tej federacji (jeden z za\u0142o\u017cycieli tej organizacji).<\/h4>\n<p>[\/vc_column_text][\/vc_column][vc_column][vc_empty_space][\/vc_column][\/vc_row][vc_row][vc_column width=&#8221;1\/4&#8243;][vc_single_image image=&#8221;538&#8243; img_size=&#8221;&#8221;][\/vc_column][vc_column width=&#8221;2\/3&#8243;][vc_column_text]<\/p>\n<h4>Bystrzyca K\u0142odzka 1999 r. | Ob\u00f3z kondycyjny GM Paw\u0142a Zaremby &#8211; trening z no\u017cem.<\/h4>\n<p>[\/vc_column_text][\/vc_column][vc_column][vc_empty_space][\/vc_column][\/vc_row][vc_row][vc_column width=&#8221;1\/4&#8243;][vc_single_image image=&#8221;540&#8243; img_size=&#8221;&#8221;][\/vc_column][vc_column width=&#8221;2\/3&#8243;][vc_empty_space][vc_column_text]<\/p>\n<h4>2000 r. | GM Pawe\u0142 Zaremba zdobywa Wicemistrzostwo \u015awiata\u00a0 WEKAF w Cebu (Filipiny).<\/h4>\n<p>[\/vc_column_text][\/vc_column][vc_column][vc_empty_space][\/vc_column][\/vc_row][vc_row][vc_column width=&#8221;1\/4&#8243;][vc_single_image image=&#8221;543&#8243; img_size=&#8221;&#8221;][\/vc_column][vc_column width=&#8221;2\/3&#8243;][vc_empty_space][vc_column_text]<\/p>\n<h4>Krak\u00f3w 2001 r. | GM Pawe\u0142 Zaremba organizuje pierwsze w Polsce seminarium z uczniem Bruce Lee, SGM Richardem Bustillo.<\/h4>\n<p>[\/vc_column_text][\/vc_column][vc_column][vc_empty_space][\/vc_column][\/vc_row][vc_row][vc_column width=&#8221;1\/4&#8243;][vc_single_image image=&#8221;558&#8243; img_size=&#8221;&#8221;][\/vc_column][vc_column width=&#8221;2\/3&#8243;][vc_empty_space][vc_column_text]<\/p>\n<h4>2001 r. | GM Pawe\u0142 Zaremba zdobywa Wicemistrzostwo \u015awiata WEKAF w Los Angeles (USA).<\/h4>\n<p>[\/vc_column_text][\/vc_column][vc_column][vc_empty_space][\/vc_column][\/vc_row][vc_row][vc_column width=&#8221;1\/4&#8243;][vc_single_image image=&#8221;539&#8243; img_size=&#8221;&#8221;][\/vc_column][vc_column width=&#8221;2\/3&#8243;][vc_empty_space][vc_column_text]<\/p>\n<h4>2003 r. | GM Pawe\u0142 Zaremba zdobywa Mistrzostwo \u015awiata WOBAT w Negros (Filipiny).<\/h4>\n<p>[\/vc_column_text][\/vc_column][vc_column][vc_empty_space][\/vc_column][\/vc_row][vc_row][vc_column width=&#8221;1\/4&#8243;][vc_single_image image=&#8221;549&#8243; img_size=&#8221;&#8221;][\/vc_column][vc_column width=&#8221;2\/3&#8243;][vc_empty_space][vc_column_text]<\/p>\n<h4>2003 r. | Pobyt i egzamin GM Paw\u0142a Zaremby u swoich nauczycieli i przyjaci\u00f3\u0142: FMA SGM Christophera Nasilowskiego i SGM Vince Palumbo w Adelajdzie (Australia).<\/h4>\n<p>[\/vc_column_text][\/vc_column][vc_column][vc_empty_space][\/vc_column][\/vc_row][vc_row][vc_column width=&#8221;1\/4&#8243;][vc_single_image image=&#8221;550&#8243; img_size=&#8221;&#8221;][\/vc_column][vc_column width=&#8221;2\/3&#8243;][vc_empty_space][vc_column_text]<\/p>\n<h4>2003 r. | Trening GM Paw\u0142a Zaremby na pustyni z SGM Christopherem Nasilowskim, Mataranka (Australia).<\/h4>\n<p>[\/vc_column_text][\/vc_column][vc_column][vc_empty_space][\/vc_column][\/vc_row][vc_row][vc_column width=&#8221;1\/4&#8243;][vc_single_image image=&#8221;551&#8243; img_size=&#8221;full&#8221;][\/vc_column][vc_column width=&#8221;2\/3&#8243;][vc_empty_space][vc_column_text]<\/p>\n<h4>Krak\u00f3w 2003 r. | GM Pawe\u0142 Zaremba organizuje Mistrzostwa Polski WEKAF. Pokaz i fina\u0142y na krakowskim rynku. Patronat honorowy m.in. Konsula Filipin w Polsce, p. Ryszarda Magiery.<\/h4>\n<p>[\/vc_column_text][\/vc_column][vc_column][vc_empty_space][\/vc_column][\/vc_row][vc_row][vc_column width=&#8221;1\/4&#8243;][vc_single_image image=&#8221;552&#8243; img_size=&#8221;full&#8221;][\/vc_column][vc_column width=&#8221;2\/3&#8243;][vc_empty_space][vc_column_text][\/vc_column_text][vc_column_text]<\/p>\n<h4>Krak\u00f3w 2003 r. | Pierwszy z lewej: Janusz Lewko (przyjaciel), w \u015brodku Konsul Filipin w Polsce, p. Ryszard Magiera, pierwszy z prawej: GM Pawe\u0142 Zaremba.<\/h4>\n<p>[\/vc_column_text][\/vc_column][vc_column][vc_empty_space][\/vc_column][\/vc_row][vc_row][vc_column width=&#8221;1\/4&#8243;][vc_single_image image=&#8221;542&#8243; img_size=&#8221;&#8221;][\/vc_column][vc_column width=&#8221;2\/3&#8243;][vc_empty_space][vc_column_text]<\/p>\n<h4>2006 r. | Seminarium Mistrzowskie w Cebu na Filipinach &#8211; GM Pawe\u0142 Zaremba zdaje egzamin na 5 dan w Doce Pares.<\/h4>\n<p>[\/vc_column_text][\/vc_column][vc_column][vc_empty_space][\/vc_column][\/vc_row][vc_row][vc_column width=&#8221;1\/4&#8243;][vc_single_image image=&#8221;548&#8243; img_size=&#8221;&#8221;][\/vc_column][vc_column width=&#8221;2\/3&#8243;][vc_empty_space][vc_column_text]<\/p>\n<h4>Krak\u00f3w 2007 r. | Wsp\u00f3lne seminarium z rosyjsk\u0105 federacj\u0105 Ju-Jitsu. GM Pawe\u0142 Zaremba zdaje egzamin na 1 dan w Ju-Jitsu i Sambo.<\/h4>\n<p>[\/vc_column_text][\/vc_column][vc_column][vc_empty_space][\/vc_column][\/vc_row][vc_row][vc_column width=&#8221;1\/4&#8243;][vc_single_image image=&#8221;544&#8243; img_size=&#8221;&#8221;][\/vc_column][vc_column width=&#8221;2\/3&#8243;][vc_empty_space][vc_column_text]<\/p>\n<h4>Los Angeles 2007 r. | Pobyt GM Paw\u0142a Zaremba w Szkole Dana Inosanto, pierwszego ucznia Bruce Lee i egzamin na stopie\u0144 trenera JKD.<\/h4>\n<p>[\/vc_column_text][\/vc_column][vc_column][vc_empty_space][\/vc_column][\/vc_row][vc_row][vc_column width=&#8221;1\/4&#8243;][vc_single_image image=&#8221;576&#8243; img_size=&#8221;full&#8221;][\/vc_column][vc_column width=&#8221;2\/3&#8243;][vc_empty_space][vc_column_text]<\/p>\n<h4>2007 r. | Wizyta GM Paw\u0142a Zaremby w Szkole SGM Dana Inosanto, najbli\u017cszego ucznia Bruce`a Lee w Los Angeles (USA).<\/h4>\n<p>[\/vc_column_text][\/vc_column][vc_column][vc_empty_space][\/vc_column][\/vc_row][vc_row][vc_column width=&#8221;1\/2&#8243;][vc_single_image image=&#8221;553&#8243; img_size=&#8221;full&#8221;][\/vc_column][vc_column width=&#8221;1\/2&#8243;][vc_column_text]<\/p>\n<h4>2006 r. | GM Pawe\u0142 Zaremba zostaje przyj\u0119ty na reprezentanta Polski w World Jeet Kune Do Federation w Tulsie (USA).<\/h4>\n<p>[\/vc_column_text][vc_empty_space][\/vc_column][vc_column width=&#8221;2\/3&#8243;][vc_empty_space][\/vc_column][vc_column][\/vc_column][\/vc_row][vc_row][vc_column width=&#8221;1\/4&#8243;][vc_single_image image=&#8221;579&#8243; img_size=&#8221;&#8221;][\/vc_column][vc_column width=&#8221;2\/3&#8243;][vc_empty_space][vc_column_text]<\/p>\n<h4>2008 r. | Udzia\u0142 w mi\u0119dzynarodowych zawodach o Mistrzostwo \u015awiata w Christchurch (Nowa Zelandia). GM Pawe\u0142 Zaremba zdobywa Wicemistrzostwo \u015awiata WEKAF.<\/h4>\n<p>[\/vc_column_text][\/vc_column][vc_column][vc_empty_space][\/vc_column][\/vc_row][vc_row][vc_column width=&#8221;1\/4&#8243;][vc_single_image image=&#8221;580&#8243; img_size=&#8221;full&#8221;][\/vc_column][vc_column width=&#8221;2\/3&#8243;][vc_empty_space][vc_column_text]<\/p>\n<h4>\u0141\u00f3d\u017a 2009 r. | Wsp\u00f3lne Seminarium z GM Timem Tacketem, uczniem Bruce`a Lee.<\/h4>\n<p>[\/vc_column_text][\/vc_column][vc_column][vc_empty_space][\/vc_column][\/vc_row][vc_row][vc_column width=&#8221;1\/4&#8243;][vc_single_image image=&#8221;581&#8243; img_size=&#8221;&#8221;][\/vc_column][vc_column width=&#8221;2\/3&#8243;][vc_empty_space][vc_column_text]<\/p>\n<h4>\u0141\u00f3d\u017a 2010 r. | Wsp\u00f3lne Seminarium z GM Erikiem Paulson, wielokrotnym Mistrzem \u015awiata w PRIDE i zawody JKD.<\/h4>\n<p>[\/vc_column_text][\/vc_column][vc_column][vc_empty_space][\/vc_column][\/vc_row][vc_row][vc_column width=&#8221;1\/4&#8243;][vc_single_image image=&#8221;560&#8243; img_size=&#8221;full&#8221;][\/vc_column][vc_column width=&#8221;2\/3&#8243;][vc_empty_space][vc_column_text]<\/p>\n<h4>2010 r. | Oficjalne nadanie GM Paw\u0142owi Zarembie przedstawicielstwa Balintawak B3 w Polsce.<\/h4>\n<p>[\/vc_column_text][\/vc_column][vc_column][vc_empty_space][\/vc_column][\/vc_row][vc_row][vc_column width=&#8221;1\/4&#8243;][vc_single_image image=&#8221;561&#8243; img_size=&#8221;&#8221;][\/vc_column][vc_column width=&#8221;2\/3&#8243;][vc_empty_space][vc_column_text]<\/p>\n<h4>Kalisz 2011 r. |\u00a0 Seminarium dla s\u0142u\u017c mundurowych.<\/h4>\n<p>[\/vc_column_text][\/vc_column][vc_column][vc_empty_space][\/vc_column][\/vc_row][vc_row][vc_column width=&#8221;1\/4&#8243;][vc_single_image image=&#8221;583&#8243; img_size=&#8221;&#8221;][\/vc_column][vc_column width=&#8221;2\/3&#8243;][vc_empty_space][vc_column_text]<\/p>\n<h4>Drawsko Pomorskie 2012 r. | Seminarium z Combat 56 dla s\u0142u\u017cb mundurowych.<\/h4>\n<p>[\/vc_column_text][\/vc_column][vc_column][vc_empty_space][\/vc_column][\/vc_row][vc_row][vc_column width=&#8221;1\/4&#8243;][vc_single_image image=&#8221;562&#8243; img_size=&#8221;&#8221;][\/vc_column][vc_column width=&#8221;2\/3&#8243;][vc_empty_space][vc_column_text]<\/p>\n<h4>Krak\u00f3w 2018 r. | Powo\u0142anie Stowarzyszenia Force Defence Method w Polsce.<\/h4>\n<p>[\/vc_column_text][\/vc_column][vc_column][vc_empty_space][\/vc_column][\/vc_row][vc_row][vc_column width=&#8221;1\/4&#8243;][vc_single_image image=&#8221;563&#8243; img_size=&#8221;&#8221;][\/vc_column][vc_column width=&#8221;2\/3&#8243;][vc_empty_space][vc_column_text]<\/p>\n<h4>Wooden Dummy Training &#8211; Trening utwardzaj\u0105cy na manekinie GM Paw\u0142a Zaremby.<\/h4>\n<p>[\/vc_column_text][\/vc_column][vc_column][vc_empty_space][\/vc_column][\/vc_row][vc_row][vc_column width=&#8221;1\/4&#8243;][vc_single_image image=&#8221;564&#8243; img_size=&#8221;full&#8221;][\/vc_column][vc_column width=&#8221;2\/3&#8243;][vc_empty_space][vc_column_text]<\/p>\n<h4>Trening Panantukan (Filipino Boing) GM Paw\u0142a Zaremby.<\/h4>\n<p>[\/vc_column_text][\/vc_column][vc_column][vc_empty_space][\/vc_column][\/vc_row][vc_row][vc_column width=&#8221;1\/4&#8243;][vc_single_image image=&#8221;566&#8243; img_size=&#8221;&#8221;][\/vc_column][vc_column width=&#8221;2\/3&#8243;][vc_empty_space][vc_column_text]<\/p>\n<h4>2018 r.\u00a0 | Profesjonalne szkolenie z techniki no\u017cem i pa\u0142k\u0105 teleskopow\u0105 dla Combat 56.<\/h4>\n<p>[\/vc_column_text][\/vc_column][vc_column][vc_empty_space][\/vc_column][\/vc_row]<\/p>\n","protected":false},"excerpt":{"rendered":"<p>[vc_row][vc_column width=&#8221;1\/4&#8243;][vc_single_image image=&#8221;530&#8243; img_size=&#8221;medium&#8221;][\/vc_column][vc_column width=&#8221;2\/3&#8243;][vc_empty_space][vc_column_text] 1976 r. | Egzamin GM Paw\u0142a Zaremby na zielony pas w Wu Do Kan. [\/vc_column_text][\/vc_column][vc_column][vc_empty_space][\/vc_column][\/vc_row][vc_row][vc_column width=&#8221;1\/4&#8243;][vc_single_image image=&#8221;531&#8243; img_size=&#8221;full&#8221;][\/vc_column][vc_column width=&#8221;2\/3&#8243;][vc_empty_space][vc_column_text] Mi\u0119dzynarodowe szko\u0142y sport\u00f3w i sztuk walki, w kt\u00f3rych trenowa\u0142 GM Pawe\u0142 Zaremba. [\/vc_column_text][\/vc_column][vc_column][vc_empty_space][\/vc_column][\/vc_row][vc_row][vc_column width=&#8221;1\/4&#8243;][vc_single_image image=&#8221;532&#8243; img_size=&#8221;full&#8221;][\/vc_column][vc_column width=&#8221;2\/3&#8243;][vc_empty_space][vc_column_text] 1989 r. zima | Klasztor Shaolin Wu Dang &#8211; Koniec pobytu GM Paw\u0142a Zaremby&#8230;<\/p>\n","protected":false},"author":1,"featured_media":0,"parent":0,"menu_order":0,"comment_status":"closed","ping_status":"closed","template":"","meta":[],"_links":{"self":[{"href":"https:\/\/www.forcedefencemethod.pl\/pl\/wp-json\/wp\/v2\/pages\/396"}],"collection":[{"href":"https:\/\/www.forcedefencemethod.pl\/pl\/wp-json\/wp\/v2\/pages"}],"about":[{"href":"https:\/\/www.forcedefencemethod.pl\/pl\/wp-json\/wp\/v2\/types\/page"}],"author":[{"embeddable":true,"href":"https:\/\/www.forcedefencemethod.pl\/pl\/wp-json\/wp\/v2\/users\/1"}],"replies":[{"embeddable":true,"href":"https:\/\/www.forcedefencemethod.pl\/pl\/wp-json\/wp\/v2\/comments?post=396"}],"version-history":[{"count":22,"href":"https:\/\/www.forcedefencemethod.pl\/pl\/wp-json\/wp\/v2\/pages\/396\/revisions"}],"predecessor-version":[{"id":840,"href":"https:\/\/www.forcedefencemethod.pl\/pl\/wp-json\/wp\/v2\/pages\/396\/revisions\/840"}],"wp:attachment":[{"href":"https:\/\/www.forcedefencemethod.pl\/pl\/wp-json\/wp\/v2\/media?parent=396"}],"curies":[{"name":"wp","href":"https:\/\/api.w.org\/{rel}","templated":true}]}}