{"id":3555,"date":"2023-04-04T12:21:41","date_gmt":"2023-04-04T10:21:41","guid":{"rendered":"https:\/\/www.forcedefencemethod.pl\/pl\/?page_id=3555"},"modified":"2023-05-29T17:24:30","modified_gmt":"2023-05-29T15:24:30","slug":"stick-fighting-european-championships-poland-oct-2023","status":"publish","type":"page","link":"https:\/\/www.forcedefencemethod.pl\/pl\/stick-fighting-european-championships-poland-oct-2023\/","title":{"rendered":"STICK FIGHTING &#8211; EUROPEAN CHAMPIONSHIPS IN POLAND, 2023"},"content":{"rendered":"\n<figure class=\"wp-block-image size-large\"><img decoding=\"async\" loading=\"lazy\" width=\"1024\" height=\"536\" src=\"https:\/\/www.forcedefencemethod.pl\/wp-content\/uploads\/2023\/04\/FACEBOOK-POSTER-ENG-2-1024x536.png\" alt=\"\" class=\"wp-image-3556\" srcset=\"https:\/\/www.forcedefencemethod.pl\/wp-content\/uploads\/2023\/04\/FACEBOOK-POSTER-ENG-2-1024x536.png 1024w, https:\/\/www.forcedefencemethod.pl\/wp-content\/uploads\/2023\/04\/FACEBOOK-POSTER-ENG-2-300x157.png 300w, https:\/\/www.forcedefencemethod.pl\/wp-content\/uploads\/2023\/04\/FACEBOOK-POSTER-ENG-2-768x402.png 768w, https:\/\/www.forcedefencemethod.pl\/wp-content\/uploads\/2023\/04\/FACEBOOK-POSTER-ENG-2-1536x804.png 1536w, https:\/\/www.forcedefencemethod.pl\/wp-content\/uploads\/2023\/04\/FACEBOOK-POSTER-ENG-2.png 1920w\" sizes=\"(max-width: 1024px) 100vw, 1024px\" \/><\/figure>\n\n\n\n<div style=\"height:100px\" aria-hidden=\"true\" class=\"wp-block-spacer\"><\/div>\n\n\n\n<h4><strong>The European Stick Fighting Championships in Poland 2023 is a unique event promoting Filipino Martial Arts through the sport of stick fighting in full armour or limited padded armour.<\/strong><\/h4>\n\n\n\n<div style=\"height:100px\" aria-hidden=\"true\" class=\"wp-block-spacer\"><\/div>\n\n\n\n<h4><strong>Who wants to be the first European Champion in the format of full contact stick fighting?<br>On this event will be Team Forms, Single Stick and Double Stick.<\/strong><\/h4>\n\n\n\n<div style=\"height:100px\" aria-hidden=\"true\" class=\"wp-block-spacer\"><\/div>\n\n\n\n<h4><strong>Rules for the European Championships are on the website:<\/strong> <\/h4>\n\n\n\n<h4 class=\"has-vivid-red-color has-text-color has-medium-font-size\"><a rel=\"noreferrer noopener\" href=\"http:\/\/www.worldsportarnis.com\/\" target=\"_blank\"><strong>http:\/\/www.worldsportarnis.com<\/strong><\/a><\/h4>\n\n\n\n<div style=\"height:100px\" aria-hidden=\"true\" class=\"wp-block-spacer\"><\/div>\n\n\n\n<h4><strong>This format will be fast and furious. Please bring your skills but leave your ego at the door.<\/strong><\/h4>\n\n\n\n<div style=\"height:100px\" aria-hidden=\"true\" class=\"wp-block-spacer\"><\/div>\n\n\n\n<h4><strong>Adults only.<\/strong><\/h4>\n\n\n\n<div style=\"height:100px\" aria-hidden=\"true\" class=\"wp-block-spacer\"><\/div>\n\n\n\n<h4 class=\"has-vivid-red-color has-text-color has-medium-font-size\"><strong>Book your place early to fight:<\/strong><br>Tel. (+48)516032728<br>Mail. forcedefencemethod@gmail.com<\/h4>\n\n\n\n<div style=\"height:100px\" aria-hidden=\"true\" class=\"wp-block-spacer\"><\/div>\n\n\n\n<h4><strong>Here is the link to the event page: <\/strong><\/h4>\n\n\n\n<h4><a href=\"http:\/\/bitly.pl\/EmuAs\" target=\"_blank\" rel=\"noreferrer noopener\">http:\/\/bitly.pl\/EmuAs<\/a><\/h4>\n\n\n\n<div style=\"height:100px\" aria-hidden=\"true\" class=\"wp-block-spacer\"><\/div>\n\n\n\n<h4><strong>You are very welcome!<\/strong><\/h4>\n\n\n\n<div style=\"height:100px\" aria-hidden=\"true\" class=\"wp-block-spacer\"><\/div>\n\n\n\n<h4><strong>Organisational matters:<\/strong><\/h4>\n\n\n\n<h4><strong>1. Transport costs: your own responsibility<br>&#8211; It is best to take a plane to Krakow-Balice airport, then a bus from the Krakow Bus Station to Nowy S\u0105cz. In Nowy S\u0105cz you need to change to a bus to Stary S\u0105cz. For larger numbers of people it is possible to book a mini bus.<\/strong><\/h4>\n\n\n\n<div style=\"height:100px\" aria-hidden=\"true\" class=\"wp-block-spacer\"><\/div>\n\n\n\n<h4><strong>2. Accommodation costs: on your own<br>&#8211; We will soon provide links to hotels and guesthouses in Nowy S\u0105cz or in Stary S\u0105cz<\/strong><\/h4>\n\n\n\n<div style=\"height:100px\" aria-hidden=\"true\" class=\"wp-block-spacer\"><\/div>\n\n\n\n<h4><strong>3. Food costs: self-catering<\/strong><\/h4>\n\n\n\n<div style=\"height:100px\" aria-hidden=\"true\" class=\"wp-block-spacer\"><\/div>\n\n\n\n<h5><strong>Main organiser of the European Championship:<br>FORCE DEFENCE METHOD, PL<\/strong><\/h5>\n\n\n\n<p>GM Pawe\u0142 Zaremba<\/p>\n\n\n\n<figure class=\"wp-block-image size-medium is-style-default\"><img decoding=\"async\" loading=\"lazy\" width=\"300\" height=\"274\" src=\"https:\/\/www.forcedefencemethod.pl\/wp-content\/uploads\/2023\/04\/logo-FDM-png-300x274.png\" alt=\"\" class=\"wp-image-3570\" srcset=\"https:\/\/www.forcedefencemethod.pl\/wp-content\/uploads\/2023\/04\/logo-FDM-png-300x274.png 300w, https:\/\/www.forcedefencemethod.pl\/wp-content\/uploads\/2023\/04\/logo-FDM-png-1024x935.png 1024w, https:\/\/www.forcedefencemethod.pl\/wp-content\/uploads\/2023\/04\/logo-FDM-png-768x702.png 768w, https:\/\/www.forcedefencemethod.pl\/wp-content\/uploads\/2023\/04\/logo-FDM-png-1536x1403.png 1536w, https:\/\/www.forcedefencemethod.pl\/wp-content\/uploads\/2023\/04\/logo-FDM-png-2048x1871.png 2048w\" sizes=\"(max-width: 300px) 100vw, 300px\" \/><\/figure>\n\n\n\n<div style=\"height:100px\" aria-hidden=\"true\" class=\"wp-block-spacer\"><\/div>\n\n\n\n<h5><strong>Co-organiser of the European Championship:<br>WORLD SPORT ARNIS, UK<\/strong><\/h5>\n\n\n\n<p>GM John Harvey<\/p>\n\n\n\n<figure class=\"wp-block-image size-medium\"><img decoding=\"async\" loading=\"lazy\" width=\"300\" height=\"300\" src=\"https:\/\/www.forcedefencemethod.pl\/wp-content\/uploads\/2023\/04\/logo-World-sport-Arnis-300x300.webp\" alt=\"\" class=\"wp-image-3571\" srcset=\"https:\/\/www.forcedefencemethod.pl\/wp-content\/uploads\/2023\/04\/logo-World-sport-Arnis-300x300.webp 300w, https:\/\/www.forcedefencemethod.pl\/wp-content\/uploads\/2023\/04\/logo-World-sport-Arnis-150x150.webp 150w, https:\/\/www.forcedefencemethod.pl\/wp-content\/uploads\/2023\/04\/logo-World-sport-Arnis.webp 1005w\" sizes=\"(max-width: 300px) 100vw, 300px\" \/><\/figure>\n","protected":false},"excerpt":{"rendered":"<p>The European Stick Fighting Championships in Poland 2023 is a unique event promoting Filipino Martial Arts through the sport of stick fighting in full armour or limited padded armour. Who wants to be the first European Champion in the format of full contact stick fighting?On this event will be Team Forms, Single Stick and Double&#8230;<\/p>\n","protected":false},"author":2,"featured_media":0,"parent":0,"menu_order":0,"comment_status":"closed","ping_status":"closed","template":"","meta":[],"_links":{"self":[{"href":"https:\/\/www.forcedefencemethod.pl\/pl\/wp-json\/wp\/v2\/pages\/3555"}],"collection":[{"href":"https:\/\/www.forcedefencemethod.pl\/pl\/wp-json\/wp\/v2\/pages"}],"about":[{"href":"https:\/\/www.forcedefencemethod.pl\/pl\/wp-json\/wp\/v2\/types\/page"}],"author":[{"embeddable":true,"href":"https:\/\/www.forcedefencemethod.pl\/pl\/wp-json\/wp\/v2\/users\/2"}],"replies":[{"embeddable":true,"href":"https:\/\/www.forcedefencemethod.pl\/pl\/wp-json\/wp\/v2\/comments?post=3555"}],"version-history":[{"count":19,"href":"https:\/\/www.forcedefencemethod.pl\/pl\/wp-json\/wp\/v2\/pages\/3555\/revisions"}],"predecessor-version":[{"id":3600,"href":"https:\/\/www.forcedefencemethod.pl\/pl\/wp-json\/wp\/v2\/pages\/3555\/revisions\/3600"}],"wp:attachment":[{"href":"https:\/\/www.forcedefencemethod.pl\/pl\/wp-json\/wp\/v2\/media?parent=3555"}],"curies":[{"name":"wp","href":"https:\/\/api.w.org\/{rel}","templated":true}]}}