{"id":3493,"date":"2023-02-19T21:07:58","date_gmt":"2023-02-19T20:07:58","guid":{"rendered":"https:\/\/www.forcedefencemethod.pl\/pl\/?page_id=3493"},"modified":"2023-05-05T12:38:56","modified_gmt":"2023-05-05T10:38:56","slug":"szkolenia-fdm-2023","status":"publish","type":"page","link":"https:\/\/www.forcedefencemethod.pl\/pl\/szkolenia-fdm-2023\/","title":{"rendered":"PROGRAM SZKOLE\u0143 FDM 2023"},"content":{"rendered":"\n<div class=\"wp-block-media-text alignwide is-stacked-on-mobile\"><figure class=\"wp-block-media-text__media\"><img decoding=\"async\" loading=\"lazy\" width=\"1024\" height=\"683\" src=\"https:\/\/www.forcedefencemethod.pl\/wp-content\/uploads\/2023\/05\/IMG_0287-1024x683.jpg\" alt=\"\" class=\"wp-image-3641 size-full\" srcset=\"https:\/\/www.forcedefencemethod.pl\/wp-content\/uploads\/2023\/05\/IMG_0287-1024x683.jpg 1024w, https:\/\/www.forcedefencemethod.pl\/wp-content\/uploads\/2023\/05\/IMG_0287-300x200.jpg 300w, https:\/\/www.forcedefencemethod.pl\/wp-content\/uploads\/2023\/05\/IMG_0287-768x512.jpg 768w, https:\/\/www.forcedefencemethod.pl\/wp-content\/uploads\/2023\/05\/IMG_0287-1536x1024.jpg 1536w, https:\/\/www.forcedefencemethod.pl\/wp-content\/uploads\/2023\/05\/IMG_0287-2048x1365.jpg 2048w\" sizes=\"(max-width: 1024px) 100vw, 1024px\" \/><\/figure><div class=\"wp-block-media-text__content\">\n<h2> <h2><strong>WEEKEND, 7.-8.10.2023<\/strong><\/h2><h3 class=\"has-medium-font-size\"><strong><a href=\"https:\/\/www.forcedefencemethod.pl\/pl\/stick-fighting-european-championships-poland-oct-2023\/\" target=\"_blank\" rel=\"noreferrer noopener\">EUROPEAN CHAMPIONSHIPS IN STICK FIGHTING, POLAND 2023 <\/a> <\/strong> <hr class=\"wp-block-separator has-alpha-channel-opacity\">   <\/h3><h4 class=\"has-medium-font-size\"><strong>The European Stick Fighting Championships in Poland 2023 is a unique event promoting Filipino Martial Arts through the sport of stick fighting in full armour or limited padded armour.<\/strong> <\/h4><\/h2>\n<\/div><\/div>\n\n\n\n<div style=\"height:100px\" aria-hidden=\"true\" class=\"wp-block-spacer\"><\/div>\n\n\n\n<div class=\"wp-block-media-text alignwide is-stacked-on-mobile\"><figure class=\"wp-block-media-text__media\"><img decoding=\"async\" loading=\"lazy\" width=\"1024\" height=\"768\" src=\"https:\/\/www.forcedefencemethod.pl\/wp-content\/uploads\/2023\/04\/336903575_3422794047959397_2898432565579566951_n-1024x768.jpg\" alt=\"\" class=\"wp-image-3603 size-full\" srcset=\"https:\/\/www.forcedefencemethod.pl\/wp-content\/uploads\/2023\/04\/336903575_3422794047959397_2898432565579566951_n-1024x768.jpg 1024w, https:\/\/www.forcedefencemethod.pl\/wp-content\/uploads\/2023\/04\/336903575_3422794047959397_2898432565579566951_n-300x225.jpg 300w, https:\/\/www.forcedefencemethod.pl\/wp-content\/uploads\/2023\/04\/336903575_3422794047959397_2898432565579566951_n-768x576.jpg 768w, https:\/\/www.forcedefencemethod.pl\/wp-content\/uploads\/2023\/04\/336903575_3422794047959397_2898432565579566951_n-1536x1152.jpg 1536w, https:\/\/www.forcedefencemethod.pl\/wp-content\/uploads\/2023\/04\/336903575_3422794047959397_2898432565579566951_n.jpg 1600w\" sizes=\"(max-width: 1024px) 100vw, 1024px\" \/><\/figure><div class=\"wp-block-media-text__content\">\n<h2> <strong>SOBOTA, 15.04.2023<\/strong><\/h2>\n\n\n\n<h4 class=\"has-medium-font-size\"><a href=\"https:\/\/www.facebook.com\/events\/995494231431810\/?acontext=%7B%22event_action_history%22%3A[%7B%22surface%22%3A%22page%22%7D]%7D\" target=\"_blank\" rel=\"noreferrer noopener\">FIGHT &#038; OPERATORS CLINCH <\/a><\/h4>\n\n\n\n<h4 class=\"has-medium-font-size\">(PEN, FLASH LIGHT, EMPTY HAND)<\/h4>\n\n\n\n<hr class=\"wp-block-separator has-alpha-channel-opacity\"\/>\n\n\n\n<h4 class=\"has-medium-font-size\"><strong>Specjalistyczne szkolenie FDM dla Mi\u0119dzynarodowego Stowarzyszenia Instruktor\u00f3w i Operator\u00f3w Wojsk Specjalnych.<\/strong><\/h4>\n\n\n\n<p><\/p>\n<\/div><\/div>\n\n\n\n<div style=\"height:100px\" aria-hidden=\"true\" class=\"wp-block-spacer\"><\/div>\n\n\n\n<div class=\"wp-block-media-text alignwide is-stacked-on-mobile\"><figure class=\"wp-block-media-text__media\"><img decoding=\"async\" loading=\"lazy\" width=\"1024\" height=\"768\" src=\"https:\/\/www.forcedefencemethod.pl\/wp-content\/uploads\/2023\/02\/FDM-Raciborz-18.02.2023-1-1024x768.jpg\" alt=\"\" class=\"wp-image-3495 size-full\" srcset=\"https:\/\/www.forcedefencemethod.pl\/wp-content\/uploads\/2023\/02\/FDM-Raciborz-18.02.2023-1-1024x768.jpg 1024w, https:\/\/www.forcedefencemethod.pl\/wp-content\/uploads\/2023\/02\/FDM-Raciborz-18.02.2023-1-300x225.jpg 300w, https:\/\/www.forcedefencemethod.pl\/wp-content\/uploads\/2023\/02\/FDM-Raciborz-18.02.2023-1-768x576.jpg 768w, https:\/\/www.forcedefencemethod.pl\/wp-content\/uploads\/2023\/02\/FDM-Raciborz-18.02.2023-1-1536x1152.jpg 1536w, https:\/\/www.forcedefencemethod.pl\/wp-content\/uploads\/2023\/02\/FDM-Raciborz-18.02.2023-1.jpg 2048w\" sizes=\"(max-width: 1024px) 100vw, 1024px\" \/><\/figure><div class=\"wp-block-media-text__content\">\n<h2><strong>SOBOTA, 18.02.2023<\/strong><\/h2>\n\n\n\n<p><\/p>\n\n\n\n<h3 class=\"has-medium-font-size\">BLACK TACTIC TRAINING<\/h3>\n\n\n\n<hr class=\"wp-block-separator has-alpha-channel-opacity\"\/>\n\n\n\n<h4 class=\"has-medium-font-size\"><strong>Specjalistyczne szkolenie FDM z no\u017ca bojowego dla Mi\u0119dzynarodowego Stowarzyszenia Instruktor\u00f3w i Operator\u00f3w Wojsk Specjalnych<\/strong>.<\/h4>\n\n\n\n<p><\/p>\n<\/div><\/div>\n","protected":false},"excerpt":{"rendered":"<p>WEEKEND, 7.-8.10.2023 EUROPEAN CHAMPIONSHIPS IN STICK FIGHTING, POLAND 2023 The European Stick Fighting Championships in Poland 2023 is a unique event promoting Filipino Martial Arts through the sport of stick fighting in full armour or limited padded armour.<\/p>\n","protected":false},"author":2,"featured_media":3495,"parent":0,"menu_order":0,"comment_status":"closed","ping_status":"closed","template":"","meta":[],"_links":{"self":[{"href":"https:\/\/www.forcedefencemethod.pl\/pl\/wp-json\/wp\/v2\/pages\/3493"}],"collection":[{"href":"https:\/\/www.forcedefencemethod.pl\/pl\/wp-json\/wp\/v2\/pages"}],"about":[{"href":"https:\/\/www.forcedefencemethod.pl\/pl\/wp-json\/wp\/v2\/types\/page"}],"author":[{"embeddable":true,"href":"https:\/\/www.forcedefencemethod.pl\/pl\/wp-json\/wp\/v2\/users\/2"}],"replies":[{"embeddable":true,"href":"https:\/\/www.forcedefencemethod.pl\/pl\/wp-json\/wp\/v2\/comments?post=3493"}],"version-history":[{"count":22,"href":"https:\/\/www.forcedefencemethod.pl\/pl\/wp-json\/wp\/v2\/pages\/3493\/revisions"}],"predecessor-version":[{"id":3643,"href":"https:\/\/www.forcedefencemethod.pl\/pl\/wp-json\/wp\/v2\/pages\/3493\/revisions\/3643"}],"wp:featuredmedia":[{"embeddable":true,"href":"https:\/\/www.forcedefencemethod.pl\/pl\/wp-json\/wp\/v2\/media\/3495"}],"wp:attachment":[{"href":"https:\/\/www.forcedefencemethod.pl\/pl\/wp-json\/wp\/v2\/media?parent=3493"}],"curies":[{"name":"wp","href":"https:\/\/api.w.org\/{rel}","templated":true}]}}