{"id":307,"date":"2021-09-18T21:30:01","date_gmt":"2021-09-18T19:30:01","guid":{"rendered":"http:\/\/www.fdm.generalcube.com\/pl\/?page_id=307"},"modified":"2024-03-22T19:19:23","modified_gmt":"2024-03-22T18:19:23","slug":"szkolenia","status":"publish","type":"page","link":"https:\/\/www.forcedefencemethod.pl\/pl\/szkolenia\/","title":{"rendered":"Szkolenia"},"content":{"rendered":"<p>[vc_row][vc_column][vc_column_text]<span style=\"font-weight: 400;\">Skontaktuj si\u0119 z nami!<\/span><\/p>\n<p><span style=\"font-weight: 400;\">Szczeg\u00f3\u0142owe warunki treningowe dopasowane s\u0105 dla Twojej jednostki (wojsko, policja, sta\u017c graniczna etc.) w oparciu o metod\u0119 FDM.<\/span><\/p>\n<p><b>Proponujemy:<\/b><\/p>\n<p><span style=\"font-weight: 400;\">&#8211; System Szkolenie CQC<\/span><\/p>\n<p><span style=\"font-weight: 400;\">&#8211; Program odmienny i dostosowany do specyfiki Twojej jednostki<\/span><\/p>\n<p><span style=\"font-weight: 400;\">&#8211; Szkolenia z broni\u0105 i bez broni (n\u00f3\u017c, pa\u0142ka, bro\u0144 kr\u00f3tka, bro\u0144 d\u0142uga)<\/span><\/p>\n<p><span style=\"font-weight: 400;\">&#8211; Techniki z u\u017cyciem \u015brodk\u00f3w przymusu bezpo\u015bredniego<\/span><\/p>\n<p>&#8211; Warsztaty dla szk\u00f3\u0142 sztuk walki w Polsce<\/p>\n<p><span style=\"font-weight: 400;\">&#8211; Inne<\/span>[\/vc_column_text][\/vc_column][\/vc_row]<\/p>\n","protected":false},"excerpt":{"rendered":"<p>[vc_row][vc_column][vc_column_text]Skontaktuj si\u0119 z nami! Szczeg\u00f3\u0142owe warunki treningowe dopasowane s\u0105 dla Twojej jednostki (wojsko, policja, sta\u017c graniczna etc.) w oparciu o metod\u0119 FDM. Proponujemy: &#8211; System Szkolenie CQC &#8211; Program odmienny i dostosowany do specyfiki Twojej jednostki &#8211; Szkolenia z broni\u0105 i bez broni (n\u00f3\u017c, pa\u0142ka, bro\u0144 kr\u00f3tka, bro\u0144 d\u0142uga) &#8211; Techniki z u\u017cyciem \u015brodk\u00f3w przymusu&#8230;<\/p>\n","protected":false},"author":1,"featured_media":0,"parent":0,"menu_order":0,"comment_status":"closed","ping_status":"closed","template":"","meta":[],"_links":{"self":[{"href":"https:\/\/www.forcedefencemethod.pl\/pl\/wp-json\/wp\/v2\/pages\/307"}],"collection":[{"href":"https:\/\/www.forcedefencemethod.pl\/pl\/wp-json\/wp\/v2\/pages"}],"about":[{"href":"https:\/\/www.forcedefencemethod.pl\/pl\/wp-json\/wp\/v2\/types\/page"}],"author":[{"embeddable":true,"href":"https:\/\/www.forcedefencemethod.pl\/pl\/wp-json\/wp\/v2\/users\/1"}],"replies":[{"embeddable":true,"href":"https:\/\/www.forcedefencemethod.pl\/pl\/wp-json\/wp\/v2\/comments?post=307"}],"version-history":[{"count":8,"href":"https:\/\/www.forcedefencemethod.pl\/pl\/wp-json\/wp\/v2\/pages\/307\/revisions"}],"predecessor-version":[{"id":4129,"href":"https:\/\/www.forcedefencemethod.pl\/pl\/wp-json\/wp\/v2\/pages\/307\/revisions\/4129"}],"wp:attachment":[{"href":"https:\/\/www.forcedefencemethod.pl\/pl\/wp-json\/wp\/v2\/media?parent=307"}],"curies":[{"name":"wp","href":"https:\/\/api.w.org\/{rel}","templated":true}]}}