{"id":259,"date":"2021-09-16T22:46:01","date_gmt":"2021-09-16T20:46:01","guid":{"rendered":"http:\/\/www.fdm.generalcube.com\/pl\/?page_id=259"},"modified":"2024-02-11T13:21:18","modified_gmt":"2024-02-11T12:21:18","slug":"trenerzy","status":"publish","type":"page","link":"https:\/\/www.forcedefencemethod.pl\/pl\/trenerzy\/","title":{"rendered":"Trenerzy"},"content":{"rendered":"<p>[vc_row full_width=&#8221;stretch_row&#8221; gap=&#8221;30&#8243; equal_height=&#8221;yes&#8221; content_placement=&#8221;top&#8221; el_class=&#8221;trainer-row-description&#8221;][vc_column width=&#8221;1\/4&#8243;][vc_single_image image=&#8221;298&#8243; img_size=&#8221;full&#8221; css=&#8221;.vc_custom_1632836179572{margin-top: 12px !important;}&#8221;][\/vc_column][vc_column width=&#8221;3\/4&#8243;][vc_column_text el_class=&#8221;trainer-row-description&#8221;]<\/p>\n<h2 data-block-id=\"block-870be017-cf87-4923-9174-71dad4dfa6e6\">Pawe\u0142 Zaremba (Silat)<\/h2>\n<h3 data-block-id=\"block-870be017-cf87-4923-9174-71dad4dfa6e6\">GRAND MASTER<\/h3>\n<div data-block-id=\"block-870be017-cf87-4923-9174-71dad4dfa6e6\"><\/div>\n<div data-block-id=\"block-870be017-cf87-4923-9174-71dad4dfa6e6\"><\/div>\n<div data-block-id=\"block-870be017-cf87-4923-9174-71dad4dfa6e6\">Pasj\u0105 Paw\u0142a s\u0105 sporty i sztuki walki. Jako dyplomowany instruktor sport\u00f3w i sztuk walki pracuje od 1991 roku. Karier\u0119 rozpocz\u0105\u0142 od zapas\u00f3w i judo, nast\u0119pnie trenowa\u0142 Kung-Fu. W FMA zdoby\u0142 3 srebrne medale i 1 z\u0142oty. W roku 1988 zdoby\u0142 jako pierwszy bia\u0142y zawodnik mistrzostwo \u015bwiata w Kung- Fu Wu-Shu w Chinach (Hangzhou i Shenzhen).<\/div>\n<div data-block-id=\"block-e9127705-4b36-4795-a139-4b9887d699d3\">Jest wieloletnim zawodnikiem KS Pr\u0105dniczanka w zapasach, a jego kolegami z maty byli <a class=\"ql-link\" href=\"http:\/\/m.in\" target=\"_blank\" rel=\"noopener noreferrer\">m.in<\/a><span data-void-detect=\"true\">. Andrzej Supron, Kazimierz Lipie\u0144, Roman Bier\u0142a, W\u0142adys\u0142aw Stecyk, Czes\u0142aw Kwieci\u0144ski i Ryszard Wolny (1990-1992). Od ponad 35 lat trenuje SILAT &#038; Filipi\u0144skie Sztuki Walki \u2013 Guro. Sporo czasu sp\u0119dzi\u0142 na Filipinach i w Indonezji, szkol\u0105c si\u0119 i praktykuj\u0105c u najlepszych nauczycieli o s\u0142awie \u015bwiatowej, takich jak Cacoy Canete, Bobby Taboada, Christopher Nasilowski czy Vince Palumbo. Jest Master Trenerem tej szko\u0142y, to znaczy prowadzi w Polsce kursy i szkolenia SILAT &#038; Filipi\u0144skie Sztuki Walki dla instruktor\u00f3w sport\u00f3w i sztuk walki.<\/span><\/div>\n<div data-block-id=\"block-bac101de-f8e2-46b8-ad87-e211957e6cde\">Startuje w biegach przeszkodowych od 2007 roku, biega\u0142 Spartan Race w USA, Kanadzie, na Filipinach, w Indonezji, Hiszpanii, Francji, Szkocji, Czechach, S\u0142owacji i w Polsce. W 2009 roku wzi\u0105\u0142 udzia\u0142 w Dead Race przemierzaj\u0105c w Kanadzie nonstop 239 km w ci\u0105gu 3 dni. W latach 2010- 2013 bra\u0142 udzia\u0142 w Biegu Morskiego Komandosa. Wsp\u00f3\u0142organizowa\u0142 wiele wydarze\u0144 i event\u00f3w sportowych, w tym sezon 2017 Spartan Race Polska. Jest tw\u00f3rc\u0105 metody Aktywnej Obrony <a class=\"ql-link\" href=\"http:\/\/www.forcedefencemethod.pl\/\" target=\"_blank\" rel=\"noopener noreferrer\">FORCE DEFENCE METHOD F.D.M.<\/a><span data-void-detect=\"true\"> oraz programu treningowego ForceFit.<\/span><\/div>\n<p>[\/vc_column_text][vc_empty_space][vc_column_text el_class=&#8221;trainer-row-description&#8221;]<\/p>\n<div data-block-id=\"block-74c6c239-d76c-43c1-b08c-792896d44919\"><\/div>\n<div data-block-id=\"block-74c6c239-d76c-43c1-b08c-792896d44919\">Od 2000 roku jest dyplomowanym trenerem motorycznym i trenerem fitness. Jako zawodowy sportowiec do\u015bwiadczy\u0142 wielu kontuzji, z kt\u00f3rymi zmaga\u0142o si\u0119 jego cia\u0142o. Dlatego w kr\u00f3tkim czasie zafascynowa\u0142 si\u0119 treningiem funkcjonalnym z w\u0142asnym cia\u0142em. Pod\u0105\u017caj\u0105c t\u0105 drog\u0105, pozna\u0142 wiele mi\u0119dzynarodowych system\u00f3w treningowych i ch\u0119tnie testowa\u0142 je na sobie. Jest Master Trenerem Kamagon Ball, certyfikowanym mi\u0119dzynarodowym trenerem BLACKROLL i certyfikowanym instruktorem II stopnia Bulgarian Bag. Na co dzie\u0144 prowadzi szkolenia i pracuje jako medyczny trener personalny, pomagaj\u0105c osobom z kontuzjami po wypadkach motocyklowych.<\/div>\n<div data-block-id=\"block-df267ac3-0352-4246-9aa4-e0bf878c62a6\">Dzi\u0119ki swoim sportowym i zawodowym do\u015bwiadczeniom, przedsi\u0119biorczym przedsi\u0119wzi\u0119ciom i licznym podr\u00f3\u017com do innych kraj\u00f3w, Pawe\u0142 zrozumia\u0142 si\u0142\u0119 psychicznej odporno\u015bci, intuicyjnego przyw\u00f3dztwa i zdrowego ducha dla ka\u017cdego, kto pragnie wyj\u015b\u0107 poza sfer\u0119 w\u0142asnego komfortu.<\/div>\n<p>[\/vc_column_text][vc_empty_space][vc_column_text]<\/p>\n<h4>Kariera sportowa:<\/h4>\n<p>&nbsp;<\/p>\n<p>1988 \u2013 Mistrz \u015awiata w Kung- Fu\/Wu-Shu w Huangzhou i Shezen &#8211; Formy i Walki SANDA;<\/p>\n<p>1997 \u2013 Zawodnik, 7 miejsce, Mistrzostwa \u015awiata w Shouajiao w Pekinie;<\/p>\n<p>2000 \u2013 Vice-Mistrz \u015awiata w Filipi\u0144skich Sztukach Walki wg WEKAF w Cebu;<\/p>\n<p>2001 \u2013 Vice-Mistrz \u015awiata w Filipi\u0144skich Sztukach Walki wg WEKAF w Los Angeles;<\/p>\n<p>2003 \u2013 Mistrz \u015awiata w Filipi\u0144skich Sztukach Walki wg WEKAF w Negritos;<\/p>\n<p>2008 \u2013 Trener kadry narodowej i Vice-Mistrz \u015awiata w Filipi\u0144skich Sztukach Walki wg WEKAF w Chrischurch;<\/p>\n<p>2012 &#8211; Fully Instuctor Balintawak Arnis;<\/p>\n<p>2022 &#8211; PTTA Certified Intructor;<\/p>\n<p>2023 &#8211; Medalista, 3 miejsce, Mistrzostwa Europy Double Stick &#038; Forms.[\/vc_column_text][\/vc_column][vc_column][vc_empty_space height=&#8221;50px&#8221;][\/vc_column][\/vc_row][vc_row full_width=&#8221;stretch_row&#8221; content_placement=&#8221;top&#8221; el_class=&#8221;trainer-row-description&#8221;][vc_column width=&#8221;1\/4&#8243;][vc_single_image image=&#8221;3936&#8243; img_size=&#8221;250&#215;400&#8243;][\/vc_column][vc_column width=&#8221;3\/4&#8243;][vc_column_text]<\/p>\n<h2 data-block-id=\"block-870be017-cf87-4923-9174-71dad4dfa6e6\">Karol Petryszak<\/h2>\n<h3>Instruktor Level 3<\/h3>\n<div data-block-id=\"block-870be017-cf87-4923-9174-71dad4dfa6e6\">Z zami\u0142owania filozof, z zawodu filozof i wyk\u0142adowca akademicki. Sztukami walki i ich praktycznym wykorzystaniem \u201ena ulicy\u201d interesuje si\u0119 od dziecka. Jako instruktor Force Defence Method k\u0142adzie szczeg\u00f3lny nacisk na praktyczne wykorzystanie umiej\u0119tno\u015bci aktywnej obrony w zarz\u0105dzaniu konfliktem.<\/div>\n<p>[\/vc_column_text][vc_empty_space][vc_column_text]<\/p>\n<h4 data-block-id=\"block-870be017-cf87-4923-9174-71dad4dfa6e6\">Kwalifikacje:<\/h4>\n<p>&nbsp;<\/p>\n<div data-block-id=\"block-870be017-cf87-4923-9174-71dad4dfa6e6\">\n<p>od 2011 Instruktor samoobrony (Polska Akademia Sportu);<\/p>\n<p>od 2019 Instruktor Force Defence Method Level 1;<\/p>\n<p>od 2021 Instruktor Force Defence Method Level 2;<\/p>\n<p>od 2022 Instruktor Force Defence Method Level 3;<\/p>\n<p>2022 &#8211;\u00a0 Vice-mistrz Anglii World Sport Arnis Single Padded Stick; Vice-mistrz Anglii World Sport Arnis Full Contact Single Stick.<\/p>\n<p>2023 &#8211; Mistrz Europy World Sport Arnis Double Stick; Vice-mistrz Europy World Sport Arnis Single Padded Stick; Vice-mistrz Europy World Sport Arnis Full Contact Single Stick.<\/p>\n<\/div>\n<div data-block-id=\"block-bac101de-f8e2-46b8-ad87-e211957e6cde\"><\/div>\n<p>[\/vc_column_text][\/vc_column][vc_column][vc_empty_space height=&#8221;50px&#8221;][vc_empty_space height=&#8221;50px&#8221;][\/vc_column][\/vc_row][vc_row full_width=&#8221;stretch_row&#8221; content_placement=&#8221;top&#8221; el_class=&#8221;trainer-row-description&#8221;][vc_column width=&#8221;1\/4&#8243;][vc_single_image image=&#8221;3933&#8243; img_size=&#8221;250&#215;400&#8243;][\/vc_column][vc_column width=&#8221;3\/4&#8243;][vc_column_text]<\/p>\n<h2 data-block-id=\"block-870be017-cf87-4923-9174-71dad4dfa6e6\">Aleksandra Zarembina<\/h2>\n<h3>Instruktor Level 1<\/h3>\n<div data-block-id=\"block-870be017-cf87-4923-9174-71dad4dfa6e6\">Promuje skuteczno\u015b\u0107 metody Aktywnej Obrony FDM g\u0142\u00f3wnie w\u015br\u00f3d kobiet i m\u0142odzie\u017cy. Kocha Filipiny, ich tradycj\u0119 i kultur\u0119. Ceni sobie lojalno\u015b\u0107 i wierno\u015b\u0107 zasadom ponadczasowym.<\/div>\n<p>[\/vc_column_text][vc_empty_space][vc_column_text]<\/p>\n<h4 data-block-id=\"block-870be017-cf87-4923-9174-71dad4dfa6e6\">Kwalifikacje:<\/h4>\n<p>&nbsp;<\/p>\n<div data-block-id=\"block-870be017-cf87-4923-9174-71dad4dfa6e6\">\n<p>od 2023 Instruktor Force Defence Method Level 1.<\/p>\n<\/div>\n<div data-block-id=\"block-bac101de-f8e2-46b8-ad87-e211957e6cde\"><\/div>\n<p>[\/vc_column_text][\/vc_column][vc_column][vc_empty_space height=&#8221;50px&#8221;][\/vc_column][\/vc_row]<\/p>\n","protected":false},"excerpt":{"rendered":"<p>[vc_row full_width=&#8221;stretch_row&#8221; gap=&#8221;30&#8243; equal_height=&#8221;yes&#8221; content_placement=&#8221;top&#8221; el_class=&#8221;trainer-row-description&#8221;][vc_column width=&#8221;1\/4&#8243;][vc_single_image image=&#8221;298&#8243; img_size=&#8221;full&#8221; css=&#8221;.vc_custom_1632836179572{margin-top: 12px !important;}&#8221;][\/vc_column][vc_column width=&#8221;3\/4&#8243;][vc_column_text el_class=&#8221;trainer-row-description&#8221;] Pawe\u0142 Zaremba (Silat) GRAND MASTER Pasj\u0105 Paw\u0142a s\u0105 sporty i sztuki walki. Jako dyplomowany instruktor sport\u00f3w i sztuk walki pracuje od 1991 roku. Karier\u0119 rozpocz\u0105\u0142 od zapas\u00f3w i judo, nast\u0119pnie trenowa\u0142 Kung-Fu. W FMA zdoby\u0142 3 srebrne medale i 1 z\u0142oty&#8230;.<\/p>\n","protected":false},"author":1,"featured_media":0,"parent":0,"menu_order":0,"comment_status":"closed","ping_status":"closed","template":"","meta":[],"_links":{"self":[{"href":"https:\/\/www.forcedefencemethod.pl\/pl\/wp-json\/wp\/v2\/pages\/259"}],"collection":[{"href":"https:\/\/www.forcedefencemethod.pl\/pl\/wp-json\/wp\/v2\/pages"}],"about":[{"href":"https:\/\/www.forcedefencemethod.pl\/pl\/wp-json\/wp\/v2\/types\/page"}],"author":[{"embeddable":true,"href":"https:\/\/www.forcedefencemethod.pl\/pl\/wp-json\/wp\/v2\/users\/1"}],"replies":[{"embeddable":true,"href":"https:\/\/www.forcedefencemethod.pl\/pl\/wp-json\/wp\/v2\/comments?post=259"}],"version-history":[{"count":41,"href":"https:\/\/www.forcedefencemethod.pl\/pl\/wp-json\/wp\/v2\/pages\/259\/revisions"}],"predecessor-version":[{"id":3982,"href":"https:\/\/www.forcedefencemethod.pl\/pl\/wp-json\/wp\/v2\/pages\/259\/revisions\/3982"}],"wp:attachment":[{"href":"https:\/\/www.forcedefencemethod.pl\/pl\/wp-json\/wp\/v2\/media?parent=259"}],"curies":[{"name":"wp","href":"https:\/\/api.w.org\/{rel}","templated":true}]}}