{"id":2188,"date":"2022-06-24T20:46:16","date_gmt":"2022-06-24T18:46:16","guid":{"rendered":"http:\/\/www.forcedefencemethod.pl\/pl\/?page_id=2188"},"modified":"2024-03-22T19:15:57","modified_gmt":"2024-03-22T18:15:57","slug":"afiliacja","status":"publish","type":"page","link":"https:\/\/www.forcedefencemethod.pl\/pl\/szkolenia\/afiliacja\/","title":{"rendered":"AFILIACJA"},"content":{"rendered":"\n<h2><br><strong>Wprowad\u017a trening Force Defence Method do swojego klubu!<\/strong><\/h2>\n\n\n\n<div style=\"height:100px\" aria-hidden=\"true\" class=\"wp-block-spacer\"><\/div>\n\n\n\n<div class=\"wp-block-media-text alignwide is-stacked-on-mobile\"><figure class=\"wp-block-media-text__media\"><img decoding=\"async\" loading=\"lazy\" width=\"583\" height=\"873\" src=\"http:\/\/www.forcedefencemethod.pl\/wp-content\/uploads\/2021\/12\/PZ-FDM.jpg\" alt=\"\" class=\"wp-image-884 size-full\" srcset=\"https:\/\/www.forcedefencemethod.pl\/wp-content\/uploads\/2021\/12\/PZ-FDM.jpg 583w, https:\/\/www.forcedefencemethod.pl\/wp-content\/uploads\/2021\/12\/PZ-FDM-200x300.jpg 200w\" sizes=\"(max-width: 583px) 100vw, 583px\" \/><\/figure><div class=\"wp-block-media-text__content\">\n<p>Zapraszamy na szkolenie kompetencyjne z autorskiej metody pracy z cia\u0142em i no\u017cem.<\/p>\n\n\n\n<p>Wprowad\u017a do swojego klubu sportowego now\u0105 us\u0142ug\u0119&nbsp;PREMIUM <strong>ze spektakularnymi efektami<\/strong>:<\/p>\n\n\n\n<figure class=\"wp-block-image size-full\"><img decoding=\"async\" loading=\"lazy\" width=\"533\" height=\"145\" src=\"http:\/\/www.forcedefencemethod.pl\/wp-content\/uploads\/2022\/06\/Knife.jpg\" alt=\"\" class=\"wp-image-2225\" srcset=\"https:\/\/www.forcedefencemethod.pl\/wp-content\/uploads\/2022\/06\/Knife.jpg 533w, https:\/\/www.forcedefencemethod.pl\/wp-content\/uploads\/2022\/06\/Knife-300x82.jpg 300w\" sizes=\"(max-width: 533px) 100vw, 533px\" \/><\/figure>\n\n\n\n<h4><strong><a rel=\"noreferrer noopener\" href=\"https:\/\/www.youtube.com\/watch?v=x3F8J4t99Zs\" target=\"_blank\">COMBAT KNIFE FIGHTING FDM<\/a><\/strong> <\/h4>\n\n\n\n<h4>\/CQC Blade Fighting\/<\/h4>\n\n\n\n<ul>\n<li><strong>TECHNIKI WALKI WR\u0118CZ BEZ BRONI<\/strong><\/li>\n\n\n\n<li><strong>TECHNIKI WALKI WR\u0118CZ Z NO\u017bEM <\/strong><\/li>\n\n\n\n<li><strong>TECHNIKI WALKI WR\u0118CZ Z PA\u0141K\u0104<\/strong><\/li>\n\n\n\n<li><strong>TAKTYKA DZIA\u0141A\u0143 SPECJALNYCH<\/strong><\/li>\n<\/ul>\n\n\n\n<p>Szkolenie skierowane jest do trener\u00f3w i instruktor\u00f3w sztuk walki, instruktor\u00f3w sport\u00f3w walki oraz os\u00f3b powy\u017cej 18 r.\u017c., kt\u00f3re na co dzie\u0144 trenuj\u0105 sztuki i sporty walki. <\/p>\n\n\n\n<p>Po zako\u0144czonym szkoleniu uczestnik otrzymuje certyfikat oraz zestaw 2 narz\u0119dzi do treningu. <\/p>\n\n\n\n<p>Szkolenie odbywa si\u0119 w ma\u0142ych grupach lub indywidualnie i trwa 2 dni. Prowadz\u0105cy: <a href=\"http:\/\/www.forcedefencemethod.pl\/pl\/trenerzy\/\" target=\"_blank\" rel=\"noreferrer noopener\">GM Pawe\u0142 Zaremba<\/a><\/p>\n\n\n\n<p>Szkolenie sk\u0142ada si\u0119 z dw\u00f3ch cz\u0119\u015bci:<\/p>\n\n\n\n<p><strong>Teoretycznej<\/strong>:<\/p>\n\n\n\n<ul>\n<li>Zagadnienia z zakresu obrony i walki no\u017cem, psychologia walki no\u017cem oraz om\u00f3wienie system\u00f3w treningowych i przyrz\u0105d\u00f3w do treningu.<\/li>\n<\/ul>\n\n\n\n<p><strong>Praktycznej<\/strong>:<\/p>\n\n\n\n<ul>\n<li>Techniki pracy z no\u017cem na poszczeg\u00f3lne partie cia\u0142a (\u0142ydki, uda, po\u015bladki, brzuch, ramiona, g\u0142owa).<\/li>\n<\/ul>\n\n\n\n<p><strong>Kontakt: <\/strong>Tel. 516032728<\/p>\n\n\n\n<p><\/p>\n<\/div><\/div>\n\n\n\n<p><\/p>\n","protected":false},"excerpt":{"rendered":"<p>Wprowad\u017a trening Force Defence Method do swojego klubu!<\/p>\n","protected":false},"author":2,"featured_media":2225,"parent":307,"menu_order":1,"comment_status":"closed","ping_status":"closed","template":"","meta":[],"_links":{"self":[{"href":"https:\/\/www.forcedefencemethod.pl\/pl\/wp-json\/wp\/v2\/pages\/2188"}],"collection":[{"href":"https:\/\/www.forcedefencemethod.pl\/pl\/wp-json\/wp\/v2\/pages"}],"about":[{"href":"https:\/\/www.forcedefencemethod.pl\/pl\/wp-json\/wp\/v2\/types\/page"}],"author":[{"embeddable":true,"href":"https:\/\/www.forcedefencemethod.pl\/pl\/wp-json\/wp\/v2\/users\/2"}],"replies":[{"embeddable":true,"href":"https:\/\/www.forcedefencemethod.pl\/pl\/wp-json\/wp\/v2\/comments?post=2188"}],"version-history":[{"count":38,"href":"https:\/\/www.forcedefencemethod.pl\/pl\/wp-json\/wp\/v2\/pages\/2188\/revisions"}],"predecessor-version":[{"id":4126,"href":"https:\/\/www.forcedefencemethod.pl\/pl\/wp-json\/wp\/v2\/pages\/2188\/revisions\/4126"}],"up":[{"embeddable":true,"href":"https:\/\/www.forcedefencemethod.pl\/pl\/wp-json\/wp\/v2\/pages\/307"}],"wp:featuredmedia":[{"embeddable":true,"href":"https:\/\/www.forcedefencemethod.pl\/pl\/wp-json\/wp\/v2\/media\/2225"}],"wp:attachment":[{"href":"https:\/\/www.forcedefencemethod.pl\/pl\/wp-json\/wp\/v2\/media?parent=2188"}],"curies":[{"name":"wp","href":"https:\/\/api.w.org\/{rel}","templated":true}]}}