{"id":178,"date":"2017-12-07T20:31:02","date_gmt":"2017-12-07T20:31:02","guid":{"rendered":"http:\/\/bagrov-dev.com\/puncher-demo-2\/?page_id=2"},"modified":"2024-01-12T11:23:16","modified_gmt":"2024-01-12T10:23:16","slug":"home-2-2","status":"publish","type":"page","link":"https:\/\/www.forcedefencemethod.pl\/pl\/","title":{"rendered":"Strona g\u0142\u00f3na"},"content":{"rendered":"<p>[vc_row css_animation=&#8221;none&#8221;][vc_column css=&#8221;.vc_custom_1633090980304{background-color: #f6f6f6 !important;}&#8221;][vc_column_text]<\/p>\n<h2 style=\"text-align: center;\">Force Defence Method to najstarsza szko\u0142a filipi\u0144skich sztuk walki<\/h2>\n<h2 style=\"text-align: center;\">w Polsce ceniona w kraju i za granic\u0105<\/h2>\n<p>[\/vc_column_text][vc_column_text css_animation=&#8221;fadeIn&#8221; el_class=&#8221;believe-title&#8221;]<\/p>\n<h4 style=\"text-align: center;\"><img decoding=\"async\" loading=\"lazy\" class=\"alignnone wp-image-3886 size-large\" src=\"http:\/\/www.forcedefencemethod.pl\/wp-content\/uploads\/2023\/12\/DSC_7951-1024x683.png\" alt=\"\" width=\"1024\" height=\"683\" srcset=\"https:\/\/www.forcedefencemethod.pl\/wp-content\/uploads\/2023\/12\/DSC_7951-1024x683.png 1024w, https:\/\/www.forcedefencemethod.pl\/wp-content\/uploads\/2023\/12\/DSC_7951-300x200.png 300w, https:\/\/www.forcedefencemethod.pl\/wp-content\/uploads\/2023\/12\/DSC_7951-768x513.png 768w, https:\/\/www.forcedefencemethod.pl\/wp-content\/uploads\/2023\/12\/DSC_7951-1536x1025.png 1536w, https:\/\/www.forcedefencemethod.pl\/wp-content\/uploads\/2023\/12\/DSC_7951-2048x1367.png 2048w\" sizes=\"(max-width: 1024px) 100vw, 1024px\" \/><\/h4>\n<h4><\/h4>\n<p>&nbsp;<\/p>\n<h3 style=\"text-align: center;\">Force Defence Method to unikatowa szko\u0142a Aktywnej Obrony.<\/h3>\n<h3><\/h3>\n<h3 style=\"text-align: center;\">AKTYWNA OBRONA to skuteczna metoda walki w obronie w\u0142asnej.<\/h3>\n<h3><\/h3>\n<h3 style=\"text-align: center;\">Nasz\u0105 specjalno\u015bci\u0105 s\u0105 Filipi\u0144skie Sztuki Walki oraz Techniki z No\u017cem.<\/h3>\n<h3><\/h3>\n<h3><\/h3>\n<p>&nbsp;<\/p>\n<h3 style=\"text-align: center;\">GM Pawe\u0142 Zaremba<\/h3>\n<p>[\/vc_column_text][vc_empty_space][\/vc_column][vc_column]<section class=\"section training-program-row\">[vc_empty_space height=&#8221;89px&#8221;][vc_column_text css_animation=&#8221;none&#8221;]<\/p>\n<h2 style=\"text-align: center;\">PROGRAM SZKOLENIOWY<\/h2>\n<h2 style=\"text-align: center;\">Force Defence Method<\/h2>\n<p>[\/vc_column_text][vc_empty_space height=&#8221;49px&#8221; el_class=&#8221;training-program-row&#8221;][vc_row_inner][vc_column_inner el_class=&#8221;level-item&#8221; width=&#8221;1\/3&#8243;][vc_empty_space height=&#8221;15px&#8221;][vc_single_image image=&#8221;3309&#8243; img_size=&#8221;250X250&#8243; alignment=&#8221;center&#8221;]<a href=\"\/level-1\"  target=\"_self\" class=\" btn_defoult btn_fill  btn_rounded btn_empty btn_rounded btn_size_default\">Level 1<\/a>[\/vc_column_inner][vc_column_inner el_class=&#8221;level-item&#8221; width=&#8221;1\/3&#8243;][vc_empty_space height=&#8221;15px&#8221;][vc_single_image image=&#8221;3310&#8243; img_size=&#8221;250X250&#8243; alignment=&#8221;center&#8221;]<a href=\"\/level-2\"  target=\"_self\" class=\" btn_defoult btn_fill  btn_rounded btn_empty btn_rounded btn_size_default\">Level 2<\/a>[vc_empty_space height=&#8221;15px&#8221;][\/vc_column_inner][vc_column_inner el_class=&#8221;level-item&#8221; width=&#8221;1\/3&#8243;][vc_empty_space height=&#8221;15px&#8221;][vc_single_image image=&#8221;3311&#8243; img_size=&#8221;250X250&#8243; alignment=&#8221;center&#8221;]<a href=\"\/level-3\"  target=\"_self\" class=\" btn_defoult btn_fill  btn_rounded btn_empty btn_rounded btn_size_default\">Level 3<\/a>[\/vc_column_inner][\/vc_row_inner][vc_row_inner][vc_column_inner el_class=&#8221;level-item&#8221; width=&#8221;1\/3&#8243;][vc_empty_space height=&#8221;15px&#8221;][vc_single_image image=&#8221;3312&#8243; img_size=&#8221;250X250&#8243; alignment=&#8221;center&#8221;]<a href=\"\/level-4\"  target=\"_self\" class=\" btn_defoult btn_fill  btn_rounded btn_empty btn_rounded btn_size_default\">Level 4<\/a>[\/vc_column_inner][vc_column_inner el_class=&#8221;level-item&#8221; width=&#8221;1\/3&#8243;][vc_empty_space height=&#8221;15px&#8221;][vc_single_image image=&#8221;3313&#8243; img_size=&#8221;250X250&#8243; alignment=&#8221;center&#8221;]<a href=\"\/level-5\"  target=\"_self\" class=\" btn_defoult btn_fill  btn_rounded btn_empty btn_rounded btn_size_default\">Level 5<\/a>[vc_empty_space height=&#8221;15px&#8221;][\/vc_column_inner][vc_column_inner el_class=&#8221;level-item&#8221; width=&#8221;1\/3&#8243;][vc_empty_space height=&#8221;15px&#8221;][vc_empty_space height=&#8221;15px&#8221;][vc_single_image image=&#8221;3314&#8243; img_size=&#8221;250X250&#8243; alignment=&#8221;center&#8221;]<a href=\"\/level-6\"  target=\"_self\" class=\" btn_defoult btn_fill  btn_rounded btn_empty btn_rounded btn_size_default\">Level 6<\/a>[\/vc_column_inner][\/vc_row_inner]<\/section>[vc_empty_space height=&#8221;85px&#8221;][\/vc_column][vc_column][\/vc_column][\/vc_row][vc_row css=&#8221;.vc_custom_1489914980243{background-color: #0b0b0b !important;}&#8221;][vc_column]<section class=\"section \">[vc_empty_space height=&#8221;89px&#8221;][vc_column_text]<\/p>\n<h2 style=\"color: #ffffff; text-align: center;\">ZAKRES TRENING\u00d3W<\/h2>\n<p>[\/vc_column_text][vc_empty_space height=&#8221;49px&#8221;][vc_row_inner][vc_column_inner width=&#8221;1\/3&#8243;]<div class=\"ticket-style-2 \"><div class=\"ticket-style-2__img\"><img src=\"https:\/\/www.forcedefencemethod.pl\/wp-content\/uploads\/2017\/12\/empty-icon.png\" alt=\"\" title=\"empty-icon\"><\/div><div class=\"ticket-style-2__descr \"><h3 class=\"ticket-style-2__title\"  style=\"color:#ffffff;\">PANATUKAN - PEKITI BOXING<\/h3><div class=\"ticket-style-2__descr-text\">Boks filipi\u0144ski &#8211; realny system walki(uderzenia-kopni\u0119cia- podci\u0119cia &#8211; d\u017awignie) skupiony na wykorzystaniu technik w st\u00f3jce w sytuacji realnego zagro\u017cenia zdrowia i \u017cycia.<\/div><\/div><div class=\"clearfix\"><\/div><\/div>[vc_empty_space height=&#8221;30px&#8221;][\/vc_column_inner][vc_column_inner width=&#8221;1\/3&#8243;]<div class=\"ticket-style-2 \"><div class=\"ticket-style-2__img\"><img src=\"https:\/\/www.forcedefencemethod.pl\/wp-content\/uploads\/2021\/09\/kali.png\" alt=\"\" title=\"kali\"><\/div><div class=\"ticket-style-2__descr \"><h3 class=\"ticket-style-2__title\"  style=\"color:#ffffff;\">KALI - ARNIS - ESCRIMA<\/h3><div class=\"ticket-style-2__descr-text\">Rdzenna filipi\u0144ska sztuka walki jednym lub dwoma lekkimi kijami ratanowymi w wersji do walki realnej i sportowej . Techniki samoobrony z lask\u0105 ( Cane)<\/div><\/div><div class=\"clearfix\"><\/div><\/div>[vc_empty_space height=&#8221;30px&#8221;][\/vc_column_inner][vc_column_inner width=&#8221;1\/3&#8243;]<div class=\"ticket-style-2 \"><div class=\"ticket-style-2__img\"><img src=\"https:\/\/www.forcedefencemethod.pl\/wp-content\/uploads\/2017\/12\/icon-3-2.png\" alt=\"\" title=\"icon-3 (2)\"><\/div><div class=\"ticket-style-2__descr \"><h3 class=\"ticket-style-2__title\"  style=\"color:#ffffff;\">TRENING PEKITI - BOXING FDM<\/h3><div class=\"ticket-style-2__descr-text\">Trening techniczno-wytrzyma\u0142o\u015bciowy do bosku filipi\u0144skiego i escrimy.<\/div><\/div><div class=\"clearfix\"><\/div><\/div>[vc_empty_space height=&#8221;30px&#8221;][\/vc_column_inner][\/vc_row_inner][vc_empty_space height=&#8221;10px&#8221;][vc_row_inner css=&#8221;.vc_custom_1508154204777{padding-top: 20px !important;}&#8221;][vc_column_inner width=&#8221;1\/3&#8243;]<div class=\"ticket-style-2 \"><div class=\"ticket-style-2__img\"><img src=\"https:\/\/www.forcedefencemethod.pl\/wp-content\/uploads\/2017\/12\/icon-2-3.png\" alt=\"\" title=\"icon-2 (3)\"><\/div><div class=\"ticket-style-2__descr \"><h3 class=\"ticket-style-2__title\"  style=\"color:#ffffff;\">DUMOG<\/h3><div class=\"ticket-style-2__descr-text\">Filipi\u0144ski system zapa\u015bniczy przygotowuj\u0105cy do grapplingu ( rzuty- podci\u0119cia- walka w parterze)\u00a0 w sztukach walki.<\/div><\/div><div class=\"clearfix\"><\/div><\/div>[vc_empty_space height=&#8221;100px&#8221;][\/vc_column_inner][vc_column_inner width=&#8221;1\/3&#8243;]<div class=\"ticket-style-2 \"><div class=\"ticket-style-2__img\"><img src=\"https:\/\/www.forcedefencemethod.pl\/wp-content\/uploads\/2017\/12\/icon-4-3.png\" alt=\"\" title=\"icon-4 (3)\"><\/div><div class=\"ticket-style-2__descr \"><h3 class=\"ticket-style-2__title\"  style=\"color:#ffffff;\">SPARINGI SPORTOWE  BATON - KNIFE <\/h3><div class=\"ticket-style-2__descr-text\">Przygotowanie do walk sportowych w filipi\u0144skich sztukach walki organizacji\u00a0 World Sport Arnis poprzez regularne walki treningowe.<\/div><\/div><div class=\"clearfix\"><\/div><\/div>[vc_empty_space height=&#8221;100px&#8221;][\/vc_column_inner][vc_column_inner width=&#8221;1\/3&#8243;]<div class=\"ticket-style-2 \"><div class=\"ticket-style-2__img\"><img src=\"https:\/\/www.forcedefencemethod.pl\/wp-content\/uploads\/2017\/12\/icon-3.png\" alt=\"\" title=\"icon (3)\"><\/div><div class=\"ticket-style-2__descr \"><h3 class=\"ticket-style-2__title\"  style=\"color:#ffffff;\">TRENING OG\u00d3LNOROZWOJOWY FDM<\/h3><div class=\"ticket-style-2__descr-text\">Trening si\u0142owo-wytrzyma\u0142o\u015bciowy z elementami treningu funkcjonalnego &#8211; wojskowego przygotowuj\u0105cy do s\u0142u\u017cb mundurowych ( Wojsko &#8211; Policja &#8211; Stra\u017c Graniczna).<\/div><\/div><div class=\"clearfix\"><\/div><\/div>[vc_empty_space height=&#8221;100px&#8221;][\/vc_column_inner][\/vc_row_inner]<\/section>[\/vc_column][\/vc_row][vc_row css=&#8221;.vc_custom_1493877097315{background-color: #ffffff !important;}&#8221;][vc_column]<section class=\"section new-section\">[vc_empty_space height=&#8221;84px&#8221;][vc_column_text][\/vc_column_text][vc_row_inner el_class=&#8221;video-section&#8221; css=&#8221;.vc_custom_1632942388574{padding-right: 20px !important;}&#8221;][vc_column_inner width=&#8221;1\/3&#8243;][vc_column_text]<\/p>\n<h3><a href=\"\/aktualnosci\">AKTUALNO\u015aCI<\/a><\/h3>\n<p>[\/vc_column_text][vc_empty_space height=&#8221;36px&#8221;]<div class=\"recent-post-list \"><div class=\"recent-post-list__item\"><div class=\"recent-post-list__img js-hover-veil\"><a href=\"https:\/\/www.forcedefencemethod.pl\/pl\/aktualnosci\/n\/\"><img src=\"https:\/\/www.forcedefencemethod.pl\/wp-content\/uploads\/2021\/12\/baner-150x100-cm-FDM-zapasy-boks-150x150.jpg\" alt=\"\" title=\"baner 150&#215;100 cm FDM zapasy boks\"><div class=\"js-veil veil\"><\/div><\/a><\/div><div class=\"recent-post-list__details \"><div class=\"recent-post-list__details-title\"><a href=\"https:\/\/www.forcedefencemethod.pl\/pl\/aktualnosci\/n\/\">FMA W KRAKOWIE I STARYM S\u0104CZU &#8211; Nab\u00f3r trwa<\/a><\/div><div class=\"recent-post-list__details-date\"><span>04\/09\/2025<\/span><\/div><\/div><\/div><div class=\"recent-post-list__item\"><div class=\"recent-post-list__img js-hover-veil\"><a href=\"https:\/\/www.forcedefencemethod.pl\/pl\/aktualnosci\/fdm-stickfighting-european-championships\/\"><img src=\"https:\/\/www.forcedefencemethod.pl\/wp-content\/uploads\/2023\/10\/BANER-STICK-FIGHTING-2023_ENG_FB-150x150.png\" alt=\"\" title=\"BANER STICK FIGHTING 2023_ENG_FB\"><div class=\"js-veil veil\"><\/div><\/a><\/div><div class=\"recent-post-list__details \"><div class=\"recent-post-list__details-title\"><a href=\"https:\/\/www.forcedefencemethod.pl\/pl\/aktualnosci\/fdm-stickfighting-european-championships\/\">EUROPEAN CHAMPIONSHIPS STICK FIGHTING &#8211; Event schedule<\/a><\/div><div class=\"recent-post-list__details-date\"><span>06\/10\/2023<\/span><\/div><\/div><\/div><div class=\"recent-post-list__item\"><div class=\"recent-post-list__details \"><div class=\"recent-post-list__details-title\"><a href=\"https:\/\/www.forcedefencemethod.pl\/pl\/aktualnosci\/filipino-martial-ars-the-european-championships-in-europe-2023\/\">FILIPI\u0143SKIE SZTUKI WALKI &#8211; MISTRZOSTWA EUROPY, PL 2023<\/a><\/div><div class=\"recent-post-list__details-date\"><span>27\/03\/2023<\/span><\/div><\/div><\/div><div class=\"recent-post-list__item\"><div class=\"recent-post-list__details \"><div class=\"recent-post-list__details-title\"><a href=\"https:\/\/www.forcedefencemethod.pl\/pl\/aktualnosci\/w-krakowie-prowadzimy-treningi-indywidualne-fdm-rezerwuj-termin-teraz\/\">W Krakowie i w Starym S\u0105czu treningi indywidualne FDM &#8211; Rezerwuj termin dzisiaj!<\/a><\/div><div class=\"recent-post-list__details-date\"><span>31\/10\/2022<\/span><\/div><\/div><\/div><div class=\"recent-post-list__item\"><div class=\"recent-post-list__details \"><div class=\"recent-post-list__details-title\"><a href=\"https:\/\/www.forcedefencemethod.pl\/pl\/aktualnosci\/wsa2022\/\">Reprezentant FDM zdoby\u0142 II i III miejsce na zawodach WSA w LONDYNIE, 2022<\/a><\/div><div class=\"recent-post-list__details-date\"><span>30\/09\/2022<\/span><\/div><\/div><\/div><\/div>[vc_empty_space height=&#8221;20px&#8221;][\/vc_column_inner][vc_column_inner width=&#8221;1\/3&#8243; css=&#8221;.vc_custom_1632942372197{padding-right: 15px !important;}&#8221;][vc_column_text]<\/p>\n<h3><a href=\"\/trenerzy\">TRENERZY<\/a><\/h3>\n<p>[\/vc_column_text][vc_empty_space height=&#8221;36px&#8221;][vc_column_text]<\/p>\n<h5>Grand Master<\/h5>\n<h4>Pawe\u0142 Zaremba<\/h4>\n<p>[\/vc_column_text][vc_column_text css=&#8221;.vc_custom_1632997499044{padding-right: 15px !important;}&#8221;]Karier\u0119 rozpocz\u0105\u0142 od zapas\u00f3w i judo, nast\u0119pnie trenowa\u0142 Kung-Fu. W FMA zdoby\u0142 3 srebrne medale i 1 z\u0142oty. W roku 1988 zdoby\u0142 jako pierwszy bia\u0142y zawodnik Mistrzostwo \u015awiata w Kung- Fu Wu-Shu w Chinach (Hangzhou i Shenzhen).[\/vc_column_text][vc_empty_space height=&#8221;36px&#8221;][vc_column_text]<\/p>\n<h5>Instruktor Level 3<\/h5>\n<h4>Karol Petryszak<\/h4>\n<p>[\/vc_column_text][vc_column_text css=&#8221;.vc_custom_1634930663926{padding-right: 15px !important;}&#8221;]Jako instruktor Force Defence Method, filia w Niedzicy, k\u0142adzie szczeg\u00f3lny nacisk na praktyczne wykorzystanie umiej\u0119tno\u015bci aktywnej obrony w zarz\u0105dzaniu konfliktem.[\/vc_column_text][vc_empty_space height=&#8221;36px&#8221;][vc_column_text]<\/p>\n<h5>Instruktor Level 1<\/h5>\n<h4>Aleksandra Zarembina<\/h4>\n<p>[\/vc_column_text][vc_column_text css=&#8221;.vc_custom_1704990679524{padding-right: 15px !important;}&#8221;]Promuje skuteczno\u015b\u0107 metody Aktywnej Obrony FDM g\u0142\u00f3wnie w\u015br\u00f3d kobiet i m\u0142odzie\u017cy. Kocha Filipiny, ich tradycj\u0119 i kultur\u0119. Ceni sobie lojalno\u015b\u0107 i wierno\u015b\u0107 zasadom ponadczasowym.[\/vc_column_text][vc_empty_space height=&#8221;36px&#8221;][\/vc_column_inner][vc_column_inner width=&#8221;1\/3&#8243;][vc_column_text]<\/p>\n<h3><a href=\"https:\/\/www.youtube.com\/channel\/UCTWu6qBGwu2fsKCeqmjkZsg\" target=\"_blank\" rel=\"noopener\">FILMY<\/a><\/h3>\n<p>[\/vc_column_text][vc_empty_space height=&#8221;36px&#8221;]<div class =\"wpb_video_widget wpb_content_element vc_clearfix fdm-video\"><div class=\"wpb_wrapper\"><div class=\"wpb_video_wrapper\"><iframe src=\"https:\/\/www.youtube.com\/embed\/JquTIraD7eQ?autoplay=false\" width=\"500\" height=\"280\"><\/iframe><\/div><\/div><\/div>[vc_empty_space height=&#8221;20px&#8221;][vc_video link=&#8221;https:\/\/youtu.be\/S27RpU1E4Cs&#8221;][vc_empty_space][vc_video link=&#8221;https:\/\/youtu.be\/yOALvHfBef4&#8243;][\/vc_column_inner][\/vc_row_inner][vc_empty_space height=&#8221;80px&#8221;]<\/section>[vc_images_carousel images=&#8221;3603,583,582,3495,538,550,549,566,3414&#8243; img_size=&#8221;full&#8221; slides_per_view=&#8221;3&#8243; autoplay=&#8221;yes&#8221; hide_pagination_control=&#8221;yes&#8221; wrap=&#8221;yes&#8221;][\/vc_column][\/vc_row]<\/p>\n","protected":false},"excerpt":{"rendered":"<p>[vc_row css_animation=&#8221;none&#8221;][vc_column css=&#8221;.vc_custom_1633090980304{background-color: #f6f6f6 !important;}&#8221;][vc_column_text] Force Defence Method to najstarsza szko\u0142a filipi\u0144skich sztuk walki w Polsce ceniona w kraju i za granic\u0105 [\/vc_column_text][vc_column_text css_animation=&#8221;fadeIn&#8221; el_class=&#8221;believe-title&#8221;] &nbsp; Force Defence Method to unikatowa szko\u0142a Aktywnej Obrony. AKTYWNA OBRONA to skuteczna metoda walki w obronie w\u0142asnej. Nasz\u0105 specjalno\u015bci\u0105 s\u0105 Filipi\u0144skie Sztuki Walki oraz Techniki z No\u017cem. &nbsp; GM&#8230;<\/p>\n","protected":false},"author":1,"featured_media":0,"parent":0,"menu_order":0,"comment_status":"closed","ping_status":"closed","template":"page-full-width.php","meta":[],"_links":{"self":[{"href":"https:\/\/www.forcedefencemethod.pl\/pl\/wp-json\/wp\/v2\/pages\/178"}],"collection":[{"href":"https:\/\/www.forcedefencemethod.pl\/pl\/wp-json\/wp\/v2\/pages"}],"about":[{"href":"https:\/\/www.forcedefencemethod.pl\/pl\/wp-json\/wp\/v2\/types\/page"}],"author":[{"embeddable":true,"href":"https:\/\/www.forcedefencemethod.pl\/pl\/wp-json\/wp\/v2\/users\/1"}],"replies":[{"embeddable":true,"href":"https:\/\/www.forcedefencemethod.pl\/pl\/wp-json\/wp\/v2\/comments?post=178"}],"version-history":[{"count":105,"href":"https:\/\/www.forcedefencemethod.pl\/pl\/wp-json\/wp\/v2\/pages\/178\/revisions"}],"predecessor-version":[{"id":3931,"href":"https:\/\/www.forcedefencemethod.pl\/pl\/wp-json\/wp\/v2\/pages\/178\/revisions\/3931"}],"wp:attachment":[{"href":"https:\/\/www.forcedefencemethod.pl\/pl\/wp-json\/wp\/v2\/media?parent=178"}],"curies":[{"name":"wp","href":"https:\/\/api.w.org\/{rel}","templated":true}]}}